{"id":15262,"date":"2021-11-01T10:45:18","date_gmt":"2021-11-01T09:45:18","guid":{"rendered":"https:\/\/fgvisualisierungen.com\/?page_id=15262"},"modified":"2021-11-01T10:45:18","modified_gmt":"2021-11-01T09:45:18","slug":"procedimiento","status":"publish","type":"page","link":"https:\/\/www.vivitec.eu\/es\/procedimiento\/","title":{"rendered":"Procedimiento"},"content":{"rendered":"<div class=\"wpb-content-wrapper\">[vc_row content_placement=\u00bbmiddle\u00bb pix_particles_check=\u00bb\u00bb css=\u00bb.vc_custom_1628664088240{padding-top: 5% !important;}\u00bb][vc_column][vc_column_text]\r\n<h1 style=\"text-align: center;\">Procedimiento<\/h1>\r\n[\/vc_column_text][vc_column_text]\r\n<p style=\"text-align: center;\">En solo tres pasos llevamos su proyecto a una nueva dimensi\u00f3n que le permitir\u00e1 acercarse directamente a sus clientes.<\/p>\r\n[\/vc_column_text][\/vc_column][\/vc_row][vc_row content_placement=\u00bbmiddle\u00bb pix_particles_check=\u00bb\u00bb css=\u00bb.vc_custom_1628664201870{padding-top: 5% !important;padding-bottom: 5% !important;}\u00bb][vc_column css_animation=\u00bbfadeIn\u00bb width=\u00bb1\/4&#8243;]<div id=\"duo-icon-123090131\" class=\"pix-icon text-left \"><div class=\"feature_img \"   style=\"width:300px;height:auto;display:inline-block;position:relative;\"><img style=\"width:300px;height:300px;\" class=\"img-fluid2 pix-fit-cover \" src=\"https:\/\/www.vivitec.eu\/wp-content\/uploads\/2021\/09\/ablauf-schritt-1.png\" alt=\"\"><\/div><\/div>[\/vc_column][vc_column width=\u00bb3\/4&#8243;][vc_column_text]\r\n<h2><strong>PASO 1:\r\nPREPARACI\u00d3N \u2013 ASESOR\u00cdA, PLANIFICACI\u00d3N, ESTRATEGIA\r\n<\/strong><\/h2>\r\n[\/vc_column_text][vc_column_text]En una sesi\u00f3n informativa acordamos sus objetivos, revisamos los requisitos, circunstancias y datos disponibles y desarrollamos sobre esta base un dise\u00f1o del contenido. A continuaci\u00f3n establecemos conjuntamente con usted las opciones y los detalles y concretamos los preparativos para la realizaci\u00f3n del proyecto, incluidos los tiempos y costes.[\/vc_column_text][\/vc_column][\/vc_row][vc_row rtl_reverse=\u00bbyes\u00bb content_placement=\u00bbmiddle\u00bb pix_particles_check=\u00bb\u00bb css=\u00bb.vc_custom_1632133590471{padding-top: 5% !important;padding-bottom: 5% !important;}\u00bb][vc_column width=\u00bb1\/4&#8243;]<div id=\"duo-icon-147996893\" class=\"pix-icon text-left \"><div class=\"feature_img \"   style=\"width:300px;height:auto;display:inline-block;position:relative;\"><img style=\"width:300px;height:300px;\" class=\"img-fluid2 pix-fit-cover \" src=\"https:\/\/www.vivitec.eu\/wp-content\/uploads\/2021\/09\/ablauf-schritt-2.png\" alt=\"\"><\/div><\/div>[\/vc_column][vc_column css_animation=\u00bbfadeIn\u00bb width=\u00bb3\/4&#8243;][vc_column_text]\r\n<h2><strong>PASO 2:\r\nIMPLEMENTACI\u00d3N \u2013 ESCANEADO, FILMACI\u00d3N, COMPOSICI\u00d3N\r\n<\/strong><\/h2>\r\n[\/vc_column_text][vc_column_text]Nuestros expertos creativos y t\u00e9cnicos definen los detalles relativos al hardware y software que se va a utilizar y traducen el dise\u00f1o y la planificaci\u00f3n a los mundos de im\u00e1genes y filmaciones definidos.[\/vc_column_text][\/vc_column][\/vc_row][vc_row content_placement=\u00bbmiddle\u00bb pix_particles_check=\u00bb\u00bb css=\u00bb.vc_custom_1628664201870{padding-top: 5% !important;padding-bottom: 5% !important;}\u00bb][vc_column css_animation=\u00bbfadeIn\u00bb width=\u00bb1\/4&#8243;]<div id=\"duo-icon-150765814\" class=\"pix-icon text-left \"><div class=\"feature_img \"   style=\"width:300px;height:auto;display:inline-block;position:relative;\"><img style=\"width:300px;height:300px;\" class=\"img-fluid2 pix-fit-cover \" src=\"https:\/\/www.vivitec.eu\/wp-content\/uploads\/2021\/09\/ablauf-schritt-3.png\" alt=\"\"><\/div><\/div>[\/vc_column][vc_column width=\u00bb3\/4&#8243;][vc_column_text]\r\n<h2><strong>PASO 3:\r\nFINALIZACI\u00d3N \u2013 ACUERDO FINAL, \u00daLTIMOS RETOQUES, ENTREGA\r\n<\/strong><\/h2>\r\n[\/vc_column_text][vc_column_text]En la etapa final acordamos con usted las visualizaciones creadas. Si hace falta a\u00f1adir alg\u00fan ajuste individual, lo realizaremos gustosos durante esta fase de pulido digital para que su proyecto tenga el mejor rendimiento en todas sus dimensiones.[\/vc_column_text][\/vc_column][\/vc_row]<\/div>","protected":false},"excerpt":{"rendered":"[vc_row content_placement=\u00bbmiddle\u00bb pix_particles_check=\u00bb\u00bb css=\u00bb.vc_custom_1628664088240{padding-top: 5% !important;}\u00bb][vc_column][vc_column_text] Procedimiento [\/vc_column_text][vc_column_text] En solo tres pasos llevamos su proyecto a una nueva dimensi\u00f3n que le permitir\u00e1 acercarse directamente a sus clientes. [\/vc_column_text][\/vc_column][\/vc_row][vc_row content_placement=\u00bbmiddle\u00bb pix_particles_check=\u00bb\u00bb css=\u00bb.vc_custom_1628664201870{padding-top: 5% !important;padding-bottom: 5% !important;}\u00bb][vc_column css_animation=\u00bbfadeIn\u00bb width=\u00bb1\/4&#8243;][\/vc_column][vc_column width=\u00bb3\/4&#8243;][vc_column_text] PASO 1:&#8230;","protected":false},"author":8,"featured_media":0,"parent":0,"menu_order":0,"comment_status":"closed","ping_status":"closed","template":"","meta":[],"yoast_head":"<!-- This site is optimized with the Yoast SEO plugin v21.1 - https:\/\/yoast.com\/wordpress\/plugins\/seo\/ -->\n<title>Procedimiento &laquo; VIVITEC<\/title>\n<meta name=\"description\" content=\"F&amp;G Visualisierungen ist Ihr Expertenteam f\u00fcr alle 3D Visualisierungen: pr\u00e4zise, individuell, innovativ, immersiv\" \/>\n<meta name=\"robots\" content=\"index, follow, max-snippet:-1, max-image-preview:large, max-video-preview:-1\" \/>\n<link rel=\"canonical\" href=\"https:\/\/www.vivitec.eu\/es\/procedimiento\/\" \/>\n<meta property=\"og:locale\" content=\"es_ES\" \/>\n<meta property=\"og:type\" content=\"article\" \/>\n<meta property=\"og:title\" content=\"Procedimiento &laquo; VIVITEC\" \/>\n<meta property=\"og:description\" content=\"F&amp;G Visualisierungen ist Ihr Expertenteam f\u00fcr alle 3D Visualisierungen: pr\u00e4zise, individuell, innovativ, immersiv\" \/>\n<meta property=\"og:url\" content=\"https:\/\/www.vivitec.eu\/es\/procedimiento\/\" \/>\n<meta property=\"og:site_name\" content=\"VIVITEC\" \/>\n<meta name=\"twitter:card\" content=\"summary_large_image\" \/>\n<script type=\"application\/ld+json\" class=\"yoast-schema-graph\">{\"@context\":\"https:\/\/schema.org\",\"@graph\":[{\"@type\":\"WebPage\",\"@id\":\"https:\/\/www.vivitec.eu\/es\/procedimiento\/\",\"url\":\"https:\/\/www.vivitec.eu\/es\/procedimiento\/\",\"name\":\"Procedimiento &laquo; VIVITEC\",\"isPartOf\":{\"@id\":\"https:\/\/www.vivitec.eu\/en\/#website\"},\"datePublished\":\"2021-11-01T09:45:18+00:00\",\"dateModified\":\"2021-11-01T09:45:18+00:00\",\"description\":\"F&G Visualisierungen ist Ihr Expertenteam f\u00fcr alle 3D Visualisierungen: pr\u00e4zise, individuell, innovativ, immersiv\",\"breadcrumb\":{\"@id\":\"https:\/\/www.vivitec.eu\/es\/procedimiento\/#breadcrumb\"},\"inLanguage\":\"es\",\"potentialAction\":[{\"@type\":\"ReadAction\",\"target\":[\"https:\/\/www.vivitec.eu\/es\/procedimiento\/\"]}]},{\"@type\":\"BreadcrumbList\",\"@id\":\"https:\/\/www.vivitec.eu\/es\/procedimiento\/#breadcrumb\",\"itemListElement\":[{\"@type\":\"ListItem\",\"position\":1,\"name\":\"Startseite\",\"item\":\"https:\/\/www.vivitec.eu\/es\/\"},{\"@type\":\"ListItem\",\"position\":2,\"name\":\"Procedimiento\"}]},{\"@type\":\"WebSite\",\"@id\":\"https:\/\/www.vivitec.eu\/en\/#website\",\"url\":\"https:\/\/www.vivitec.eu\/en\/\",\"name\":\"VIVITEC\",\"description\":\"Experten f\u00fcr 3D Erfassung\",\"publisher\":{\"@id\":\"https:\/\/www.vivitec.eu\/en\/#organization\"},\"potentialAction\":[{\"@type\":\"SearchAction\",\"target\":{\"@type\":\"EntryPoint\",\"urlTemplate\":\"https:\/\/www.vivitec.eu\/en\/?s={search_term_string}\"},\"query-input\":\"required name=search_term_string\"}],\"inLanguage\":\"es\"},{\"@type\":\"Organization\",\"@id\":\"https:\/\/www.vivitec.eu\/en\/#organization\",\"name\":\"Vivitec GmbH\",\"url\":\"https:\/\/www.vivitec.eu\/en\/\",\"logo\":{\"@type\":\"ImageObject\",\"inLanguage\":\"es\",\"@id\":\"https:\/\/www.vivitec.eu\/en\/#\/schema\/logo\/image\/\",\"url\":\"https:\/\/vivitec.eu\/wp-content\/uploads\/2021\/10\/logo-fg-visualisierungen-3d-160.png\",\"contentUrl\":\"https:\/\/vivitec.eu\/wp-content\/uploads\/2021\/10\/logo-fg-visualisierungen-3d-160.png\",\"width\":1017,\"height\":160,\"caption\":\"Vivitec GmbH\"},\"image\":{\"@id\":\"https:\/\/www.vivitec.eu\/en\/#\/schema\/logo\/image\/\"}}]}<\/script>\n<!-- \/ Yoast SEO plugin. -->","yoast_head_json":{"title":"Procedimiento &laquo; VIVITEC","description":"F&G Visualisierungen ist Ihr Expertenteam f\u00fcr alle 3D Visualisierungen: pr\u00e4zise, individuell, innovativ, immersiv","robots":{"index":"index","follow":"follow","max-snippet":"max-snippet:-1","max-image-preview":"max-image-preview:large","max-video-preview":"max-video-preview:-1"},"canonical":"https:\/\/www.vivitec.eu\/es\/procedimiento\/","og_locale":"es_ES","og_type":"article","og_title":"Procedimiento &laquo; VIVITEC","og_description":"F&G Visualisierungen ist Ihr Expertenteam f\u00fcr alle 3D Visualisierungen: pr\u00e4zise, individuell, innovativ, immersiv","og_url":"https:\/\/www.vivitec.eu\/es\/procedimiento\/","og_site_name":"VIVITEC","twitter_card":"summary_large_image","schema":{"@context":"https:\/\/schema.org","@graph":[{"@type":"WebPage","@id":"https:\/\/www.vivitec.eu\/es\/procedimiento\/","url":"https:\/\/www.vivitec.eu\/es\/procedimiento\/","name":"Procedimiento &laquo; VIVITEC","isPartOf":{"@id":"https:\/\/www.vivitec.eu\/en\/#website"},"datePublished":"2021-11-01T09:45:18+00:00","dateModified":"2021-11-01T09:45:18+00:00","description":"F&G Visualisierungen ist Ihr Expertenteam f\u00fcr alle 3D Visualisierungen: pr\u00e4zise, individuell, innovativ, immersiv","breadcrumb":{"@id":"https:\/\/www.vivitec.eu\/es\/procedimiento\/#breadcrumb"},"inLanguage":"es","potentialAction":[{"@type":"ReadAction","target":["https:\/\/www.vivitec.eu\/es\/procedimiento\/"]}]},{"@type":"BreadcrumbList","@id":"https:\/\/www.vivitec.eu\/es\/procedimiento\/#breadcrumb","itemListElement":[{"@type":"ListItem","position":1,"name":"Startseite","item":"https:\/\/www.vivitec.eu\/es\/"},{"@type":"ListItem","position":2,"name":"Procedimiento"}]},{"@type":"WebSite","@id":"https:\/\/www.vivitec.eu\/en\/#website","url":"https:\/\/www.vivitec.eu\/en\/","name":"VIVITEC","description":"Experten f\u00fcr 3D Erfassung","publisher":{"@id":"https:\/\/www.vivitec.eu\/en\/#organization"},"potentialAction":[{"@type":"SearchAction","target":{"@type":"EntryPoint","urlTemplate":"https:\/\/www.vivitec.eu\/en\/?s={search_term_string}"},"query-input":"required name=search_term_string"}],"inLanguage":"es"},{"@type":"Organization","@id":"https:\/\/www.vivitec.eu\/en\/#organization","name":"Vivitec GmbH","url":"https:\/\/www.vivitec.eu\/en\/","logo":{"@type":"ImageObject","inLanguage":"es","@id":"https:\/\/www.vivitec.eu\/en\/#\/schema\/logo\/image\/","url":"https:\/\/vivitec.eu\/wp-content\/uploads\/2021\/10\/logo-fg-visualisierungen-3d-160.png","contentUrl":"https:\/\/vivitec.eu\/wp-content\/uploads\/2021\/10\/logo-fg-visualisierungen-3d-160.png","width":1017,"height":160,"caption":"Vivitec GmbH"},"image":{"@id":"https:\/\/www.vivitec.eu\/en\/#\/schema\/logo\/image\/"}}]}},"_links":{"self":[{"href":"https:\/\/www.vivitec.eu\/es\/wp-json\/wp\/v2\/pages\/15262"}],"collection":[{"href":"https:\/\/www.vivitec.eu\/es\/wp-json\/wp\/v2\/pages"}],"about":[{"href":"https:\/\/www.vivitec.eu\/es\/wp-json\/wp\/v2\/types\/page"}],"author":[{"embeddable":true,"href":"https:\/\/www.vivitec.eu\/es\/wp-json\/wp\/v2\/users\/8"}],"replies":[{"embeddable":true,"href":"https:\/\/www.vivitec.eu\/es\/wp-json\/wp\/v2\/comments?post=15262"}],"version-history":[{"count":0,"href":"https:\/\/www.vivitec.eu\/es\/wp-json\/wp\/v2\/pages\/15262\/revisions"}],"wp:attachment":[{"href":"https:\/\/www.vivitec.eu\/es\/wp-json\/wp\/v2\/media?parent=15262"}],"curies":[{"name":"wp","href":"https:\/\/api.w.org\/{rel}","templated":true}]}}