{"id":15268,"date":"2021-11-01T10:59:15","date_gmt":"2021-11-01T09:59:15","guid":{"rendered":"https:\/\/fgvisualisierungen.com\/?page_id=15268"},"modified":"2021-11-06T20:54:00","modified_gmt":"2021-11-06T19:54:00","slug":"preguntas-frequentes","status":"publish","type":"page","link":"https:\/\/www.vivitec.eu\/es\/preguntas-frequentes\/","title":{"rendered":"Preguntas Frequentes"},"content":{"rendered":"<div class=\"wpb-content-wrapper\">[vc_row pix_particles_check=\u00bb\u00bb][vc_column width=\u00bb1\/3&#8243;][vc_column_text]\r\n<h1>Preguntas Frequentes<\/h1>\r\n[\/vc_column_text][vc_column_text]Hemos elaborado para usted una lista de cuestiones que los clientes suelen plantearnos. Estaremos encantados de responder personalmente cualquier otra pregunta. \u00a1Solo tiene que llamarnos![\/vc_column_text]<a  href=\"\/es\/contacto\/\" class=\"btn mb-2     btn-secondary d-inline-block      btn-md\"     ><span class=\"font-weight-bold \" >Contacta ahora directamente<\/span><\/a>[\/vc_column][vc_column width=\u00bb2\/3&#8243;]<div class=\"accordion w-100 accordion-card bg-white2 rounded-lg2 \" id=\"accordion-faq-fragen\"><div class=\"card \">\n   <div class=\"card-header bg-white pix-mb-10 shadow-sm rounded-lg\" id=\"headingfaq-vorteile\">\n       <button class=\"btn btn-link text-left rounded-lg bg-white\" type=\"button\" data-toggle=\"collapse\" data-target=\"#collapsefaq-vorteile\" aria-expanded=\"true\" aria-controls=\"collapsefaq-vorteile\" ><span class=\"font-weight-bold text-primary\" >\u00bfQu\u00e9 ventajas me ofrece la visualizaci\u00f3n en 3D?<\/span><\/button>\n   <\/div>\n   <div id=\"collapsefaq-vorteile\" class=\"collapse show \" aria-labelledby=\"headingfaq-vorteile\">\n     <div class=\"card-body\">\n         [vc_column_text]Objetos, edificios, espacios, productos e incluso seres vivos tienen pr\u00e1cticamente un gemelo digital, por as\u00ed decirlo, que permite su representaci\u00f3n. Esto hace posible una presentaci\u00f3n detallada y dimensionalmente precisa para sus clientes, ya se trate de ofrecer vistas de exteriores o interiores, facilitar una visita activa de cualquier espacio o hacer comprensible un plano o un producto en cuanto a su tipolog\u00eda y funci\u00f3n. Nada es imposible.[\/vc_column_text]\n     <\/div>\n   <\/div>\n <\/div><div class=\"card \">\n   <div class=\"card-header bg-white pix-mb-10 shadow-sm rounded-lg\" id=\"headingfaq-zweck\">\n       <button class=\"btn btn-link text-left rounded-lg bg-white\" type=\"button\" data-toggle=\"collapse\" data-target=\"#collapsefaq-zweck\" aria-expanded=\"true\" aria-controls=\"collapsefaq-zweck\" ><span class=\"font-weight-bold text-primary\" >\u00bfC\u00f3mo puedo saber qu\u00e9 tipo de visualizaci\u00f3n es la adecuada para lo que yo quiero?<\/span><\/button>\n   <\/div>\n   <div id=\"collapsefaq-zweck\" class=\"collapse  \" aria-labelledby=\"headingfaq-zweck\">\n     <div class=\"card-body\">\n         [vc_column_text]Todo est\u00e1 orientado a sus deseos y objetivos. Una vez que nos los ha explicado, nosotros le recomendamos las formas de visualizaci\u00f3n y la tecnolog\u00eda correspondientes y le asesoramos sobre las opciones y las posibilidades \u00f3ptimas de incrustaci\u00f3n y aplicaci\u00f3n.[\/vc_column_text]\n     <\/div>\n   <\/div>\n <\/div><div class=\"card \">\n   <div class=\"card-header bg-white pix-mb-10 shadow-sm rounded-lg\" id=\"headingfaq-kosten\">\n       <button class=\"btn btn-link text-left rounded-lg bg-white\" type=\"button\" data-toggle=\"collapse\" data-target=\"#collapsefaq-kosten\" aria-expanded=\"true\" aria-controls=\"collapsefaq-kosten\" ><span class=\"font-weight-bold text-primary\" >\u00bfUn proyecto de visualizaci\u00f3n requiere un presupuesto elevado?<\/span><\/button>\n   <\/div>\n   <div id=\"collapsefaq-kosten\" class=\"collapse  \" aria-labelledby=\"headingfaq-kosten\">\n     <div class=\"card-body\">\n         [vc_column_text]El tema de los costes lo estipulamos conjuntamente con usted en la sesi\u00f3n informativa, ya que est\u00e1 directamente relacionado con los objetivos que usted tenga fijados y las opciones implementaci\u00f3n correspondientes. En general est\u00e1 demostrado que la visualizaci\u00f3n de los productos tiene un efecto alentador sobre las ventas: los procesos de toma de decisiones y de compra se simplifican y aceleran, y repercuten positivamente en la fidelizaci\u00f3n de los clientes.[\/vc_column_text]\n     <\/div>\n   <\/div>\n <\/div><div class=\"card \">\n   <div class=\"card-header bg-white pix-mb-10 shadow-sm rounded-lg\" id=\"headingfaq-zeit\">\n       <button class=\"btn btn-link text-left rounded-lg bg-white\" type=\"button\" data-toggle=\"collapse\" data-target=\"#collapsefaq-zeit\" aria-expanded=\"true\" aria-controls=\"collapsefaq-zeit\" ><span class=\"font-weight-bold text-primary\" >\u00bfCon cu\u00e1nto tiempo tengo que contar hasta que pueda utilizar la visualizaci\u00f3n?<\/span><\/button>\n   <\/div>\n   <div id=\"collapsefaq-zeit\" class=\"collapse  \" aria-labelledby=\"headingfaq-zeit\">\n     <div class=\"card-body\">\n         [vc_column_text]Todo el proceso, desde la entrevista inicial hasta la finalizaci\u00f3n del proyecto, depende del tipo y el alcance del mismo. Una cosa cosa es segura: gracias a la perfecta sinton\u00eda entre los miembros de nuestro equipo, podemos garantizar una ejecuci\u00f3n profesional y r\u00e1pida mediante una estructuraci\u00f3n clara y los mejores recursos y conocimientos tecnol\u00f3gicos.[\/vc_column_text]\n     <\/div>\n   <\/div>\n <\/div><div class=\"card \">\n   <div class=\"card-header bg-white pix-mb-10 shadow-sm rounded-lg\" id=\"headingfaq-implementierung\">\n       <button class=\"btn btn-link text-left rounded-lg bg-white\" type=\"button\" data-toggle=\"collapse\" data-target=\"#collapsefaq-implementierung\" aria-expanded=\"true\" aria-controls=\"collapsefaq-implementierung\" ><span class=\"font-weight-bold text-primary\" >\u00bfC\u00f3mo puedo implementar en mi p\u00e1gina web el enlace a una visualizaci\u00f3n?<\/span><\/button>\n   <\/div>\n   <div id=\"collapsefaq-implementierung\" class=\"collapse  \" aria-labelledby=\"headingfaq-implementierung\">\n     <div class=\"card-body\">\n         [vc_column_text]La implementaci\u00f3n se efect\u00faa de forma r\u00e1pida y segura. Para ello le enviaremos un enlace de los v\u00eddeos de los drones o los escaneados (visualizaci\u00f3n), pero tambi\u00e9n podemos contactar con el dise\u00f1ador de su web. Por supuesto, podemos transmitir cada enlace protegido por contrase\u00f1a. La seguridad es lo primero.[\/vc_column_text]\n     <\/div>\n   <\/div>\n <\/div><div class=\"card \">\n   <div class=\"card-header bg-white pix-mb-10 shadow-sm rounded-lg\" id=\"headingfaq-wetter\">\n       <button class=\"btn btn-link text-left rounded-lg bg-white\" type=\"button\" data-toggle=\"collapse\" data-target=\"#collapsefaq-wetter\" aria-expanded=\"true\" aria-controls=\"collapsefaq-wetter\" ><span class=\"font-weight-bold text-primary\" >\u00bfLas filmaciones y los v\u00eddeos de los drones se pueden realizar tambi\u00e9n con mal tiempo?<\/span><\/button>\n   <\/div>\n   <div id=\"collapsefaq-wetter\" class=\"collapse  \" aria-labelledby=\"headingfaq-wetter\">\n     <div class=\"card-body\">\n         [vc_column_text]Lamentablemente, los drones no pueden volar cuando llueve. Se puede rodar con tiempo nublado, pero la luz del sol ofrece las mejores condiciones de iluminaci\u00f3n y permite sacar el mejor partido en cada proyecto. Las grabaciones de v\u00eddeo y los escaneados pueden realizarse bajo la lluvia, pero, de nuevo, un tiempo soleado siempre transmitir\u00e1 una mejor atm\u00f3sfera.[\/vc_column_text]\n     <\/div>\n   <\/div>\n <\/div><div class=\"card \">\n   <div class=\"card-header bg-white pix-mb-10 shadow-sm rounded-lg\" id=\"headingfaq-ergaenzung\">\n       <button class=\"btn btn-link text-left rounded-lg bg-white\" type=\"button\" data-toggle=\"collapse\" data-target=\"#collapsefaq-ergaenzung\" aria-expanded=\"true\" aria-controls=\"collapsefaq-ergaenzung\" ><span class=\"font-weight-bold text-primary\" >\u00bfSe pueden a\u00f1adir elementos cuando la visualizaci\u00f3n ya est\u00e1 completada?<\/span><\/button>\n   <\/div>\n   <div id=\"collapsefaq-ergaenzung\" class=\"collapse  \" aria-labelledby=\"headingfaq-ergaenzung\">\n     <div class=\"card-body\">\n         [vc_column_text]Por supuesto. Una visualizaci\u00f3n no es un producto definitivo e inamovible. Puede modificarse o completarse en cualquier momento seg\u00fan sus deseos.[\/vc_column_text]\n     <\/div>\n   <\/div>\n <\/div><\/div>[\/vc_column][\/vc_row][vc_row pix_particles_check=\u00bb\u00bb][vc_column][\/vc_column][\/vc_row]<\/div>","protected":false},"excerpt":{"rendered":"[vc_row pix_particles_check=\u00bb\u00bb][vc_column width=\u00bb1\/3&#8243;][vc_column_text] Preguntas Frequentes [\/vc_column_text][vc_column_text]Hemos elaborado para usted una lista de cuestiones que los clientes suelen plantearnos. Estaremos encantados de responder personalmente cualquier otra pregunta. \u00a1Solo tiene que llamarnos![\/vc_column_text][\/vc_column][vc_column width=\u00bb2\/3&#8243;][\/vc_column][\/vc_row][vc_row pix_particles_check=\u00bb\u00bb][vc_column][\/vc_column][\/vc_row]","protected":false},"author":8,"featured_media":0,"parent":0,"menu_order":0,"comment_status":"closed","ping_status":"closed","template":"","meta":[],"yoast_head":"<!-- This site is optimized with the Yoast SEO plugin v21.1 - https:\/\/yoast.com\/wordpress\/plugins\/seo\/ -->\n<title>Preguntas Frequentes &laquo; VIVITEC<\/title>\n<meta name=\"description\" content=\"F&amp;G Visualisierungen ist Ihr Expertenteam f\u00fcr alle 3D Visualisierungen: pr\u00e4zise, individuell, innovativ, immersiv\" \/>\n<meta name=\"robots\" content=\"index, follow, max-snippet:-1, max-image-preview:large, max-video-preview:-1\" \/>\n<link rel=\"canonical\" href=\"https:\/\/www.vivitec.eu\/es\/preguntas-frequentes\/\" \/>\n<meta property=\"og:locale\" content=\"es_ES\" \/>\n<meta property=\"og:type\" content=\"article\" \/>\n<meta property=\"og:title\" content=\"Preguntas Frequentes &laquo; VIVITEC\" \/>\n<meta property=\"og:description\" content=\"F&amp;G Visualisierungen ist Ihr Expertenteam f\u00fcr alle 3D Visualisierungen: pr\u00e4zise, individuell, innovativ, immersiv\" \/>\n<meta property=\"og:url\" content=\"https:\/\/www.vivitec.eu\/es\/preguntas-frequentes\/\" \/>\n<meta property=\"og:site_name\" content=\"VIVITEC\" \/>\n<meta property=\"article:modified_time\" content=\"2021-11-06T19:54:00+00:00\" \/>\n<meta name=\"twitter:card\" content=\"summary_large_image\" \/>\n<script type=\"application\/ld+json\" class=\"yoast-schema-graph\">{\"@context\":\"https:\/\/schema.org\",\"@graph\":[{\"@type\":\"WebPage\",\"@id\":\"https:\/\/www.vivitec.eu\/es\/preguntas-frequentes\/\",\"url\":\"https:\/\/www.vivitec.eu\/es\/preguntas-frequentes\/\",\"name\":\"Preguntas Frequentes &laquo; VIVITEC\",\"isPartOf\":{\"@id\":\"https:\/\/www.vivitec.eu\/en\/#website\"},\"datePublished\":\"2021-11-01T09:59:15+00:00\",\"dateModified\":\"2021-11-06T19:54:00+00:00\",\"description\":\"F&G Visualisierungen ist Ihr Expertenteam f\u00fcr alle 3D Visualisierungen: pr\u00e4zise, individuell, innovativ, immersiv\",\"breadcrumb\":{\"@id\":\"https:\/\/www.vivitec.eu\/es\/preguntas-frequentes\/#breadcrumb\"},\"inLanguage\":\"es\",\"potentialAction\":[{\"@type\":\"ReadAction\",\"target\":[\"https:\/\/www.vivitec.eu\/es\/preguntas-frequentes\/\"]}]},{\"@type\":\"BreadcrumbList\",\"@id\":\"https:\/\/www.vivitec.eu\/es\/preguntas-frequentes\/#breadcrumb\",\"itemListElement\":[{\"@type\":\"ListItem\",\"position\":1,\"name\":\"Startseite\",\"item\":\"https:\/\/www.vivitec.eu\/es\/\"},{\"@type\":\"ListItem\",\"position\":2,\"name\":\"Preguntas Frequentes\"}]},{\"@type\":\"WebSite\",\"@id\":\"https:\/\/www.vivitec.eu\/en\/#website\",\"url\":\"https:\/\/www.vivitec.eu\/en\/\",\"name\":\"VIVITEC\",\"description\":\"Experten f\u00fcr 3D Erfassung\",\"publisher\":{\"@id\":\"https:\/\/www.vivitec.eu\/en\/#organization\"},\"potentialAction\":[{\"@type\":\"SearchAction\",\"target\":{\"@type\":\"EntryPoint\",\"urlTemplate\":\"https:\/\/www.vivitec.eu\/en\/?s={search_term_string}\"},\"query-input\":\"required name=search_term_string\"}],\"inLanguage\":\"es\"},{\"@type\":\"Organization\",\"@id\":\"https:\/\/www.vivitec.eu\/en\/#organization\",\"name\":\"Vivitec GmbH\",\"url\":\"https:\/\/www.vivitec.eu\/en\/\",\"logo\":{\"@type\":\"ImageObject\",\"inLanguage\":\"es\",\"@id\":\"https:\/\/www.vivitec.eu\/en\/#\/schema\/logo\/image\/\",\"url\":\"https:\/\/vivitec.eu\/wp-content\/uploads\/2021\/10\/logo-fg-visualisierungen-3d-160.png\",\"contentUrl\":\"https:\/\/vivitec.eu\/wp-content\/uploads\/2021\/10\/logo-fg-visualisierungen-3d-160.png\",\"width\":1017,\"height\":160,\"caption\":\"Vivitec GmbH\"},\"image\":{\"@id\":\"https:\/\/www.vivitec.eu\/en\/#\/schema\/logo\/image\/\"}}]}<\/script>\n<!-- \/ Yoast SEO plugin. -->","yoast_head_json":{"title":"Preguntas Frequentes &laquo; VIVITEC","description":"F&G Visualisierungen ist Ihr Expertenteam f\u00fcr alle 3D Visualisierungen: pr\u00e4zise, individuell, innovativ, immersiv","robots":{"index":"index","follow":"follow","max-snippet":"max-snippet:-1","max-image-preview":"max-image-preview:large","max-video-preview":"max-video-preview:-1"},"canonical":"https:\/\/www.vivitec.eu\/es\/preguntas-frequentes\/","og_locale":"es_ES","og_type":"article","og_title":"Preguntas Frequentes &laquo; VIVITEC","og_description":"F&G Visualisierungen ist Ihr Expertenteam f\u00fcr alle 3D Visualisierungen: pr\u00e4zise, individuell, innovativ, immersiv","og_url":"https:\/\/www.vivitec.eu\/es\/preguntas-frequentes\/","og_site_name":"VIVITEC","article_modified_time":"2021-11-06T19:54:00+00:00","twitter_card":"summary_large_image","schema":{"@context":"https:\/\/schema.org","@graph":[{"@type":"WebPage","@id":"https:\/\/www.vivitec.eu\/es\/preguntas-frequentes\/","url":"https:\/\/www.vivitec.eu\/es\/preguntas-frequentes\/","name":"Preguntas Frequentes &laquo; VIVITEC","isPartOf":{"@id":"https:\/\/www.vivitec.eu\/en\/#website"},"datePublished":"2021-11-01T09:59:15+00:00","dateModified":"2021-11-06T19:54:00+00:00","description":"F&G Visualisierungen ist Ihr Expertenteam f\u00fcr alle 3D Visualisierungen: pr\u00e4zise, individuell, innovativ, immersiv","breadcrumb":{"@id":"https:\/\/www.vivitec.eu\/es\/preguntas-frequentes\/#breadcrumb"},"inLanguage":"es","potentialAction":[{"@type":"ReadAction","target":["https:\/\/www.vivitec.eu\/es\/preguntas-frequentes\/"]}]},{"@type":"BreadcrumbList","@id":"https:\/\/www.vivitec.eu\/es\/preguntas-frequentes\/#breadcrumb","itemListElement":[{"@type":"ListItem","position":1,"name":"Startseite","item":"https:\/\/www.vivitec.eu\/es\/"},{"@type":"ListItem","position":2,"name":"Preguntas Frequentes"}]},{"@type":"WebSite","@id":"https:\/\/www.vivitec.eu\/en\/#website","url":"https:\/\/www.vivitec.eu\/en\/","name":"VIVITEC","description":"Experten f\u00fcr 3D Erfassung","publisher":{"@id":"https:\/\/www.vivitec.eu\/en\/#organization"},"potentialAction":[{"@type":"SearchAction","target":{"@type":"EntryPoint","urlTemplate":"https:\/\/www.vivitec.eu\/en\/?s={search_term_string}"},"query-input":"required name=search_term_string"}],"inLanguage":"es"},{"@type":"Organization","@id":"https:\/\/www.vivitec.eu\/en\/#organization","name":"Vivitec GmbH","url":"https:\/\/www.vivitec.eu\/en\/","logo":{"@type":"ImageObject","inLanguage":"es","@id":"https:\/\/www.vivitec.eu\/en\/#\/schema\/logo\/image\/","url":"https:\/\/vivitec.eu\/wp-content\/uploads\/2021\/10\/logo-fg-visualisierungen-3d-160.png","contentUrl":"https:\/\/vivitec.eu\/wp-content\/uploads\/2021\/10\/logo-fg-visualisierungen-3d-160.png","width":1017,"height":160,"caption":"Vivitec GmbH"},"image":{"@id":"https:\/\/www.vivitec.eu\/en\/#\/schema\/logo\/image\/"}}]}},"_links":{"self":[{"href":"https:\/\/www.vivitec.eu\/es\/wp-json\/wp\/v2\/pages\/15268"}],"collection":[{"href":"https:\/\/www.vivitec.eu\/es\/wp-json\/wp\/v2\/pages"}],"about":[{"href":"https:\/\/www.vivitec.eu\/es\/wp-json\/wp\/v2\/types\/page"}],"author":[{"embeddable":true,"href":"https:\/\/www.vivitec.eu\/es\/wp-json\/wp\/v2\/users\/8"}],"replies":[{"embeddable":true,"href":"https:\/\/www.vivitec.eu\/es\/wp-json\/wp\/v2\/comments?post=15268"}],"version-history":[{"count":0,"href":"https:\/\/www.vivitec.eu\/es\/wp-json\/wp\/v2\/pages\/15268\/revisions"}],"wp:attachment":[{"href":"https:\/\/www.vivitec.eu\/es\/wp-json\/wp\/v2\/media?parent=15268"}],"curies":[{"name":"wp","href":"https:\/\/api.w.org\/{rel}","templated":true}]}}