{"id":15270,"date":"2021-11-01T11:02:43","date_gmt":"2021-11-01T10:02:43","guid":{"rendered":"https:\/\/fgvisualisierungen.com\/?page_id=15270"},"modified":"2021-11-29T00:04:27","modified_gmt":"2021-11-28T23:04:27","slug":"visitas-interactivas","status":"publish","type":"page","link":"https:\/\/www.vivitec.eu\/es\/visitas-interactivas\/","title":{"rendered":"Visitas Interactivas"},"content":{"rendered":"<div class=\"wpb-content-wrapper\">[vc_row content_placement=\u00bbmiddle\u00bb pix_particles_check=\u00bb\u00bb][vc_column width=\u00bb1\/3&#8243;][vc_column_text]\r\n<h1>Visitas Interactivas<\/h1>\r\n[\/vc_column_text][\/vc_column][vc_column width=\u00bb2\/3&#8243;][vc_column_text]Cercan\u00eda e inmersi\u00f3n: nuestras visitas virtuales en 3D proporcionan una experiencia en 3D fascinantemente real. El espectador y visitante se traslada directamente a los espacios deseados para poder captarlos de forma activa desde todos los \u00e1ngulos y con todo lujo de detalle en una experiencia integral.[\/vc_column_text][\/vc_column][\/vc_row][vc_row full_width=\u00bbstretch_row_content\u00bb gap=\u00bb35&#8243; content_placement=\u00bbmiddle\u00bb pix_particles_check=\u00bb\u00bb css=\u00bb.vc_custom_1635761747269{padding-top: 5% !important;padding-right: 10% !important;padding-bottom: 5% !important;padding-left: 10% !important;}\u00bb el_id=\u00bbhosteleria\u00bb][vc_column width=\u00bb1\/2&#8243;][vc_single_image image=\u00bb14278&#8243; img_size=\u00bbfull\u00bb onclick=\u00bbcustom_link\u00bb img_link_target=\u00bb_blank\u00bb link=\u00bbhttps:\/\/my.matterport.com\/show\/?m=3p2Myy96MNg\u00bb][\/vc_column][vc_column width=\u00bb1\/2&#8243;][vc_column_text]\r\n<h2>Hosteler\u00eda y restauraci\u00f3n<\/h2>\r\n[\/vc_column_text][vc_btn title=\u00bbRecorrido virtual\u00bb style=\u00bboutline\u00bb color=\u00bbwhite\u00bb size=\u00bblg\u00bb i_icon_fontawesome=\u00bbfas fa-play\u00bb add_icon=\u00bbtrue\u00bb link=\u00bburl:https%3A%2F%2Fmy.matterport.com%2Fshow%2F%3Fm%3D3p2Myy96MNg|title:Recorrido%20virtual|target:_blank\u00bb][vc_btn title=\u00bbConsulta\u00bb style=\u00bboutline\u00bb color=\u00bbwhite\u00bb size=\u00bblg\u00bb i_icon_fontawesome=\u00bbfas fa-paper-plane\u00bb add_icon=\u00bbtrue\u00bb link=\u00bburl:%2Fes%2Fcontacto%2F|title:Consulta\u00bb css=\u00bb.vc_custom_1638139335407{padding-left: 5% !important;}\u00bb][vc_column_text]Abrir las puertas para una c\u00e1lida acogida y experimentar de antemano el interior y el ambiente de un hotel o restaurante aumenta el nivel de satisfacci\u00f3n de los clientes.[\/vc_column_text][\/vc_column][\/vc_row][vc_row full_width=\u00bbstretch_row_content\u00bb gap=\u00bb35&#8243; content_placement=\u00bbmiddle\u00bb pix_particles_check=\u00bb\u00bb css=\u00bb.vc_custom_1635761766885{padding-top: 5% !important;padding-right: 10% !important;padding-bottom: 5% !important;padding-left: 10% !important;}\u00bb el_id=\u00bbresidencias-vacacionales\u00bb][vc_column width=\u00bb1\/2&#8243;][vc_single_image image=\u00bb15072&#8243; img_size=\u00bbfull\u00bb onclick=\u00bbcustom_link\u00bb img_link_target=\u00bb_blank\u00bb link=\u00bbhttps:\/\/my.matterport.com\/show\/?m=fiXXLQB4Uzz\u00bb][\/vc_column][vc_column width=\u00bb1\/2&#8243;][vc_column_text]\r\n<h2>Residencias vacacionales<\/h2>\r\n[\/vc_column_text][vc_btn title=\u00bbRecorrido virtual\u00bb style=\u00bboutline\u00bb color=\u00bbwhite\u00bb size=\u00bblg\u00bb i_icon_fontawesome=\u00bbfas fa-play\u00bb add_icon=\u00bbtrue\u00bb link=\u00bburl:https%3A%2F%2Fmy.matterport.com%2Fshow%2F%3Fm%3DfiXXLQB4Uzz|title:Recorrido%20virtual|target:_blank\u00bb][vc_btn title=\u00bbConsulta\u00bb style=\u00bboutline\u00bb color=\u00bbwhite\u00bb size=\u00bblg\u00bb i_icon_fontawesome=\u00bbfas fa-paper-plane\u00bb add_icon=\u00bbtrue\u00bb link=\u00bburl:%2Fes%2Fcontacto%2F|title:Consulta\u00bb css=\u00bb.vc_custom_1638139325016{padding-left: 5% !important;}\u00bb][vc_column_text]Una ayuda visual para tomar una decisi\u00f3n: la visualizaci\u00f3n previa de una residencia vacacional puede resolver muchas dudas y acelerar las reservas.[\/vc_column_text][\/vc_column][\/vc_row][vc_row full_width=\u00bbstretch_row_content\u00bb gap=\u00bb35&#8243; content_placement=\u00bbmiddle\u00bb pix_particles_check=\u00bb\u00bb css=\u00bb.vc_custom_1635761788268{padding-top: 5% !important;padding-right: 10% !important;padding-bottom: 5% !important;padding-left: 10% !important;}\u00bb el_id=\u00bbsector-inmobiliario\u00bb][vc_column width=\u00bb1\/2&#8243;][vc_single_image image=\u00bb14282&#8243; img_size=\u00bbfull\u00bb onclick=\u00bbcustom_link\u00bb img_link_target=\u00bb_blank\u00bb link=\u00bbhttps:\/\/my.matterport.com\/show\/?m=To3SQPgcaXr\u00bb][\/vc_column][vc_column width=\u00bb1\/2&#8243;][vc_column_text]\r\n<h2>Sector inmobiliario<\/h2>\r\n[\/vc_column_text][vc_btn title=\u00bbRecorrido virtual\u00bb style=\u00bboutline\u00bb color=\u00bbwhite\u00bb size=\u00bblg\u00bb i_icon_fontawesome=\u00bbfas fa-play\u00bb add_icon=\u00bbtrue\u00bb link=\u00bburl:https%3A%2F%2Fmy.matterport.com%2Fshow%2F%3Fm%3DTo3SQPgcaXr|title:Recorrido%20virtual|target:_blank\u00bb][vc_btn title=\u00bbConsulta\u00bb style=\u00bboutline\u00bb color=\u00bbwhite\u00bb size=\u00bblg\u00bb i_icon_fontawesome=\u00bbfas fa-paper-plane\u00bb add_icon=\u00bbtrue\u00bb link=\u00bburl:%2Fes%2Fcontacto%2F|title:Consulta\u00bb css=\u00bb.vc_custom_1638139316678{padding-left: 5% !important;}\u00bb][vc_column_text]Acceda a edificios y complejos residenciales y h\u00e1gase una idea de los apartamentos y habitaciones desde todos los \u00e1ngulos en una visita virtual.[\/vc_column_text][\/vc_column][\/vc_row][vc_row full_width=\u00bbstretch_row_content\u00bb gap=\u00bb35&#8243; content_placement=\u00bbmiddle\u00bb pix_particles_check=\u00bb\u00bb css=\u00bb.vc_custom_1635761806698{padding-top: 5% !important;padding-right: 10% !important;padding-bottom: 5% !important;padding-left: 10% !important;}\u00bb el_id=\u00bbyates\u00bb][vc_column width=\u00bb1\/2&#8243;][vc_single_image image=\u00bb14650&#8243; img_size=\u00bbfull\u00bb onclick=\u00bbcustom_link\u00bb img_link_target=\u00bb_blank\u00bb link=\u00bbhttps:\/\/my.matterport.com\/show\/?m=js9YTSjN9SU\u00bb][\/vc_column][vc_column width=\u00bb1\/2&#8243;][vc_column_text]\r\n<h2>Yates<\/h2>\r\n[\/vc_column_text][vc_btn title=\u00bbRecorrido virtual\u00bb style=\u00bboutline\u00bb color=\u00bbwhite\u00bb size=\u00bblg\u00bb i_icon_fontawesome=\u00bbfas fa-play\u00bb add_icon=\u00bbtrue\u00bb link=\u00bburl:https%3A%2F%2Fmy.matterport.com%2Fshow%2F%3Fm%3Djs9YTSjN9SU|title:Recorrido%20virtual|target:_blank\u00bb][vc_btn title=\u00bbConsulta\u00bb style=\u00bboutline\u00bb color=\u00bbwhite\u00bb size=\u00bblg\u00bb i_icon_fontawesome=\u00bbfas fa-paper-plane\u00bb add_icon=\u00bbtrue\u00bb link=\u00bburl:%2Fes%2Fcontacto%2F|title:Consulta\u00bb css=\u00bb.vc_custom_1638139306309{padding-left: 5% !important;}\u00bb][vc_column_text]Permiso para subir a bordo: antes de alquilar o adquirir una embarcaci\u00f3n, recorra libremente la cubierta y los camarotes en una visita virtual.[\/vc_column_text][\/vc_column][\/vc_row][vc_row full_width=\u00bbstretch_row_content\u00bb gap=\u00bb35&#8243; content_placement=\u00bbmiddle\u00bb pix_particles_check=\u00bb\u00bb css=\u00bb.vc_custom_1635761825256{padding-top: 5% !important;padding-right: 10% !important;padding-bottom: 5% !important;padding-left: 10% !important;}\u00bb el_id=\u00bbinfraestructuras\u00bb][vc_column width=\u00bb1\/2&#8243;][vc_single_image image=\u00bb14270&#8243; img_size=\u00bbfull\u00bb onclick=\u00bbcustom_link\u00bb img_link_target=\u00bb_blank\u00bb link=\u00bbhttps:\/\/my.matterport.com\/show\/?m=gNw1jH8jtnx\u00bb][\/vc_column][vc_column width=\u00bb1\/2&#8243;][vc_column_text]\r\n<h2>Infraestructuras y tecnolog\u00eda<\/h2>\r\n[\/vc_column_text][vc_btn title=\u00bbRecorrido virtual\u00bb style=\u00bboutline\u00bb color=\u00bbwhite\u00bb size=\u00bblg\u00bb i_icon_fontawesome=\u00bbfas fa-play\u00bb add_icon=\u00bbtrue\u00bb link=\u00bburl:https%3A%2F%2Fmy.matterport.com%2Fshow%2F%3Fm%3DgNw1jH8jtnx|title:Recorrido%20virtual|target:_blank\u00bb][vc_btn title=\u00bbConsulta\u00bb style=\u00bboutline\u00bb color=\u00bbwhite\u00bb size=\u00bblg\u00bb i_icon_fontawesome=\u00bbfas fa-paper-plane\u00bb add_icon=\u00bbtrue\u00bb link=\u00bburl:%2Fes%2Fcontacto%2F|title:Consulta\u00bb css=\u00bb.vc_custom_1638139291727{padding-left: 5% !important;}\u00bb][vc_column_text]Una visita al coraz\u00f3n de unas instalaciones: los procesos y funciones pueden mostrarse con precisi\u00f3n y captarse en su contexto hasta el m\u00ednimo detalle.[\/vc_column_text][\/vc_column][\/vc_row][vc_row full_width=\u00bbstretch_row_content\u00bb gap=\u00bb35&#8243; content_placement=\u00bbmiddle\u00bb pix_particles_check=\u00bb\u00bb css=\u00bb.vc_custom_1635761848591{padding-top: 5% !important;padding-right: 10% !important;padding-bottom: 5% !important;padding-left: 10% !important;}\u00bb el_id=\u00bbvehiculos\u00bb][vc_column width=\u00bb1\/2&#8243;][vc_single_image image=\u00bb14767&#8243; img_size=\u00bbfull\u00bb onclick=\u00bbcustom_link\u00bb img_link_target=\u00bb_blank\u00bb link=\u00bbhttps:\/\/www.youtube.com\/watch?v=V-PdtIxjgTg\u00bb][\/vc_column][vc_column width=\u00bb1\/2&#8243;][vc_column_text]\r\n<h2>Veh\u00edculos<\/h2>\r\n[\/vc_column_text][vc_btn title=\u00bbRecorrido virtual\u00bb style=\u00bboutline\u00bb color=\u00bbwhite\u00bb size=\u00bblg\u00bb i_icon_fontawesome=\u00bbfas fa-play\u00bb add_icon=\u00bbtrue\u00bb link=\u00bburl:https%3A%2F%2Fwww.youtube.com%2Fwatch%3Fv%3DV-PdtIxjgTg|title:Recorrido%20virtual|target:_blank\u00bb][vc_btn title=\u00bbConsulta\u00bb style=\u00bboutline\u00bb color=\u00bbwhite\u00bb size=\u00bblg\u00bb i_icon_fontawesome=\u00bbfas fa-paper-plane\u00bb add_icon=\u00bbtrue\u00bb link=\u00bburl:%2Fes%2Fcontacto%2F|title:Consulta\u00bb css=\u00bb.vc_custom_1638139282581{padding-left: 5% !important;}\u00bb][vc_column_text]Cl\u00e1sicos, deportivos, innovadores: si es usted fabricante o simple aficionado del motor, experimente una cercan\u00eda fascinante a la tecnolog\u00eda y el dise\u00f1o de los autom\u00f3viles.[\/vc_column_text][\/vc_column][\/vc_row][vc_row full_width=\u00bbstretch_row_content\u00bb gap=\u00bb35&#8243; content_placement=\u00bbmiddle\u00bb pix_particles_check=\u00bb\u00bb css=\u00bb.vc_custom_1635761870865{padding-top: 5% !important;padding-right: 10% !important;padding-bottom: 5% !important;padding-left: 10% !important;}\u00bb el_id=\u00bbaseguradoras\u00bb][vc_column width=\u00bb1\/2&#8243;][vc_single_image image=\u00bb14306&#8243; img_size=\u00bbfull\u00bb][\/vc_column][vc_column width=\u00bb1\/2&#8243;][vc_column_text]\r\n<h2>Aseguradoras, tasaciones y restauraciones<\/h2>\r\n[\/vc_column_text][vc_btn title=\u00bbConsulta\u00bb style=\u00bboutline\u00bb color=\u00bbwhite\u00bb size=\u00bblg\u00bb i_icon_fontawesome=\u00bbfas fa-paper-plane\u00bb add_icon=\u00bbtrue\u00bb link=\u00bburl:%2Fes%2Fcontacto%2F|title:Consulta\u00bb css=\u00bb.vc_custom_1638139275473{padding-left: 5% !important;}\u00bb][vc_column_text]A la hora de transformar o restaurar objetos y espacios, un registro preciso de las condiciones reales y deseadas desempe\u00f1a un papel fundamental.[\/vc_column_text][\/vc_column][\/vc_row][vc_row full_width=\u00bbstretch_row_content\u00bb gap=\u00bb35&#8243; content_placement=\u00bbmiddle\u00bb pix_particles_check=\u00bb\u00bb css=\u00bb.vc_custom_1635761888966{padding-top: 5% !important;padding-right: 10% !important;padding-bottom: 5% !important;padding-left: 10% !important;}\u00bb el_id=\u00bbarquitectura\u00bb][vc_column width=\u00bb1\/2&#8243;][vc_single_image image=\u00bb14262&#8243; img_size=\u00bbfull\u00bb onclick=\u00bbcustom_link\u00bb img_link_target=\u00bb_blank\u00bb link=\u00bbhttps:\/\/my.matterport.com\/show\/?m=BVcGjuaeBBA\u00bb][\/vc_column][vc_column width=\u00bb1\/2&#8243;][vc_column_text]\r\n<h2>Arquitectura, ingenier\u00eda y construcci\u00f3n<\/h2>\r\n[\/vc_column_text][vc_btn title=\u00bbRecorrido virtual\u00bb style=\u00bboutline\u00bb color=\u00bbwhite\u00bb size=\u00bblg\u00bb i_icon_fontawesome=\u00bbfas fa-play\u00bb add_icon=\u00bbtrue\u00bb link=\u00bburl:https%3A%2F%2Fmy.matterport.com%2Fshow%2F%3Fm%3DBVcGjuaeBBA|title:Recorrido%20virtual|target:_blank\u00bb][vc_btn title=\u00bbConsulta\u00bb style=\u00bboutline\u00bb color=\u00bbwhite\u00bb size=\u00bblg\u00bb i_icon_fontawesome=\u00bbfas fa-paper-plane\u00bb add_icon=\u00bbtrue\u00bb link=\u00bburl:%2Fes%2Fcontacto%2F|title:Consulta\u00bb css=\u00bb.vc_custom_1638139267691{padding-left: 5% !important;}\u00bb][vc_column_text]Una representaci\u00f3n realista de los espacios habitables permite sumergirse en todas las fases de ejecuci\u00f3n de un proyecto arquitect\u00f3nico, de forma cercana y directa, tanto en aspectos t\u00e9cnicos como constructivos.[\/vc_column_text][\/vc_column][\/vc_row][vc_row full_width=\u00bbstretch_row_content\u00bb gap=\u00bb35&#8243; content_placement=\u00bbmiddle\u00bb pix_particles_check=\u00bb\u00bb css=\u00bb.vc_custom_1635761902130{padding-top: 5% !important;padding-right: 10% !important;padding-bottom: 5% !important;padding-left: 10% !important;}\u00bb el_id=\u00bbmuseos\u00bb][vc_column width=\u00bb1\/2&#8243;][vc_single_image image=\u00bb14294&#8243; img_size=\u00bbfull\u00bb onclick=\u00bbcustom_link\u00bb img_link_target=\u00bb_blank\u00bb link=\u00bbhttps:\/\/my.matterport.com\/show\/?m=9DwGLcw7BGJ\u00bb][\/vc_column][vc_column width=\u00bb1\/2&#8243;][vc_column_text]\r\n<h2>Museos, iglesias, galer\u00edas<\/h2>\r\n[\/vc_column_text][vc_btn title=\u00bbRecorrido virtual\u00bb style=\u00bboutline\u00bb color=\u00bbwhite\u00bb size=\u00bblg\u00bb i_icon_fontawesome=\u00bbfas fa-play\u00bb add_icon=\u00bbtrue\u00bb link=\u00bburl:https%3A%2F%2Fmy.matterport.com%2Fshow%2F%3Fm%3D9DwGLcw7BGJ|title:Recorrido%20virtual|target:_blank\u00bb][vc_btn title=\u00bbConsulta\u00bb style=\u00bboutline\u00bb color=\u00bbwhite\u00bb size=\u00bblg\u00bb i_icon_fontawesome=\u00bbfas fa-paper-plane\u00bb add_icon=\u00bbtrue\u00bb link=\u00bburl:%2Fes%2Fcontacto%2F|title:Consulta\u00bb css=\u00bb.vc_custom_1638139251213{padding-left: 5% !important;}\u00bb][vc_column_text]Visitas de espacios culturales en todo el mundo: las exposiciones y lugares de inter\u00e9s se pueden descubrir individualmente a trav\u00e9s de una fascinante visi\u00f3n virtual.[\/vc_column_text][\/vc_column][\/vc_row][vc_row full_width=\u00bbstretch_row_content\u00bb gap=\u00bb35&#8243; content_placement=\u00bbmiddle\u00bb pix_particles_check=\u00bb\u00bb css=\u00bb.vc_custom_1635761942394{padding-top: 5% !important;padding-right: 10% !important;padding-bottom: 5% !important;padding-left: 10% !important;}\u00bb el_id=\u00bbcompras\u00bb][vc_column width=\u00bb1\/2&#8243;][vc_single_image image=\u00bb14302&#8243; img_size=\u00bbfull\u00bb onclick=\u00bbcustom_link\u00bb img_link_target=\u00bb_blank\u00bb link=\u00bbhttps:\/\/my.matterport.com\/show\/?m=ERSQxxs32qF\u00bb][\/vc_column][vc_column width=\u00bb1\/2&#8243;][vc_column_text]\r\n<h2>Compras y comercios<\/h2>\r\n[\/vc_column_text][vc_btn title=\u00bbRecorrido virtual\u00bb style=\u00bboutline\u00bb color=\u00bbwhite\u00bb size=\u00bblg\u00bb i_icon_fontawesome=\u00bbfas fa-play\u00bb add_icon=\u00bbtrue\u00bb link=\u00bburl:https%3A%2F%2Fmy.matterport.com%2Fshow%2F%3Fm%3DERSQxxs32qF|title:Recorrido%20virtual|target:_blank\u00bb][vc_btn title=\u00bbConsulta\u00bb style=\u00bboutline\u00bb color=\u00bbwhite\u00bb size=\u00bblg\u00bb i_icon_fontawesome=\u00bbfas fa-paper-plane\u00bb add_icon=\u00bbtrue\u00bb link=\u00bburl:%2Fes%2Fcontacto%2F|title:Consulta\u00bb css=\u00bb.vc_custom_1638139239155{padding-left: 5% !important;}\u00bb][vc_column_text]Un valor a\u00f1adido definitivo para una decisi\u00f3n de compra positiva: perciba los espacios y los productos como si estuviera directamente en la tienda.[\/vc_column_text][\/vc_column][\/vc_row][vc_row full_width=\u00bbstretch_row_content\u00bb gap=\u00bb35&#8243; content_placement=\u00bbmiddle\u00bb pix_particles_check=\u00bb\u00bb css=\u00bb.vc_custom_1635761958311{padding-top: 5% !important;padding-right: 10% !important;padding-bottom: 5% !important;padding-left: 10% !important;}\u00bb el_id=\u00bbinstituciones\u00bb][vc_column width=\u00bb1\/2&#8243;][vc_single_image image=\u00bb14286&#8243; img_size=\u00bbfull\u00bb][\/vc_column][vc_column width=\u00bb1\/2&#8243;][vc_column_text]\r\n<h2>Instituciones<\/h2>\r\n[\/vc_column_text][vc_btn title=\u00bbRecorrido virtual\u00bb style=\u00bboutline\u00bb color=\u00bbwhite\u00bb size=\u00bblg\u00bb i_icon_fontawesome=\u00bbfas fa-play\u00bb add_icon=\u00bbtrue\u00bb link=\u00bburl:https%3A%2F%2Fmy.matterport.com%2Fshow%2F%3Fm%3DJLc7b8h6Ced%26mls%3D1|title:Recorrido%20virtual|target:_blank\u00bb][vc_btn title=\u00bbConsulta\u00bb style=\u00bboutline\u00bb color=\u00bbwhite\u00bb size=\u00bblg\u00bb i_icon_fontawesome=\u00bbfas fa-paper-plane\u00bb add_icon=\u00bbtrue\u00bb link=\u00bburl:%2Fes%2Fcontacto%2F|title:Consulta\u00bb css=\u00bb.vc_custom_1638139231178{padding-left: 5% !important;}\u00bb][vc_column_text]Las instituciones ganan atractivo para los visitantes cuando hacen que sus edificios e interiores sean accesibles de forma sencilla y f\u00e1cilmente imaginable.[\/vc_column_text][\/vc_column][\/vc_row]<\/div>","protected":false},"excerpt":{"rendered":"[vc_row content_placement=\u00bbmiddle\u00bb pix_particles_check=\u00bb\u00bb][vc_column width=\u00bb1\/3&#8243;][vc_column_text] Visitas Interactivas [\/vc_column_text][\/vc_column][vc_column width=\u00bb2\/3&#8243;][vc_column_text]Cercan\u00eda e inmersi\u00f3n: nuestras visitas virtuales en 3D proporcionan una experiencia en 3D fascinantemente real. El espectador y visitante se traslada directamente a los espacios deseados para poder captarlos de forma activa desde&#8230;","protected":false},"author":8,"featured_media":0,"parent":0,"menu_order":0,"comment_status":"closed","ping_status":"closed","template":"","meta":[],"yoast_head":"<!-- This site is optimized with the Yoast SEO plugin v21.1 - https:\/\/yoast.com\/wordpress\/plugins\/seo\/ -->\n<title>Visitas Interactivas &laquo; VIVITEC<\/title>\n<meta name=\"description\" content=\"F&amp;G Visualisierungen ist Ihr Expertenteam f\u00fcr alle 3D Visualisierungen: pr\u00e4zise, individuell, innovativ, immersiv\" \/>\n<meta name=\"robots\" content=\"index, follow, max-snippet:-1, max-image-preview:large, max-video-preview:-1\" \/>\n<link rel=\"canonical\" href=\"https:\/\/www.vivitec.eu\/es\/visitas-interactivas\/\" \/>\n<meta property=\"og:locale\" content=\"es_ES\" \/>\n<meta property=\"og:type\" content=\"article\" \/>\n<meta property=\"og:title\" content=\"Visitas Interactivas &laquo; VIVITEC\" \/>\n<meta property=\"og:description\" content=\"F&amp;G Visualisierungen ist Ihr Expertenteam f\u00fcr alle 3D Visualisierungen: pr\u00e4zise, individuell, innovativ, immersiv\" \/>\n<meta property=\"og:url\" content=\"https:\/\/www.vivitec.eu\/es\/visitas-interactivas\/\" \/>\n<meta property=\"og:site_name\" content=\"VIVITEC\" \/>\n<meta property=\"article:modified_time\" content=\"2021-11-28T23:04:27+00:00\" \/>\n<meta name=\"twitter:card\" content=\"summary_large_image\" \/>\n<script type=\"application\/ld+json\" class=\"yoast-schema-graph\">{\"@context\":\"https:\/\/schema.org\",\"@graph\":[{\"@type\":\"WebPage\",\"@id\":\"https:\/\/www.vivitec.eu\/es\/visitas-interactivas\/\",\"url\":\"https:\/\/www.vivitec.eu\/es\/visitas-interactivas\/\",\"name\":\"Visitas Interactivas &laquo; VIVITEC\",\"isPartOf\":{\"@id\":\"https:\/\/www.vivitec.eu\/en\/#website\"},\"datePublished\":\"2021-11-01T10:02:43+00:00\",\"dateModified\":\"2021-11-28T23:04:27+00:00\",\"description\":\"F&G Visualisierungen ist Ihr Expertenteam f\u00fcr alle 3D Visualisierungen: pr\u00e4zise, individuell, innovativ, immersiv\",\"breadcrumb\":{\"@id\":\"https:\/\/www.vivitec.eu\/es\/visitas-interactivas\/#breadcrumb\"},\"inLanguage\":\"es\",\"potentialAction\":[{\"@type\":\"ReadAction\",\"target\":[\"https:\/\/www.vivitec.eu\/es\/visitas-interactivas\/\"]}]},{\"@type\":\"BreadcrumbList\",\"@id\":\"https:\/\/www.vivitec.eu\/es\/visitas-interactivas\/#breadcrumb\",\"itemListElement\":[{\"@type\":\"ListItem\",\"position\":1,\"name\":\"Startseite\",\"item\":\"https:\/\/www.vivitec.eu\/es\/\"},{\"@type\":\"ListItem\",\"position\":2,\"name\":\"Visitas Interactivas\"}]},{\"@type\":\"WebSite\",\"@id\":\"https:\/\/www.vivitec.eu\/en\/#website\",\"url\":\"https:\/\/www.vivitec.eu\/en\/\",\"name\":\"VIVITEC\",\"description\":\"Experten f\u00fcr 3D Erfassung\",\"publisher\":{\"@id\":\"https:\/\/www.vivitec.eu\/en\/#organization\"},\"potentialAction\":[{\"@type\":\"SearchAction\",\"target\":{\"@type\":\"EntryPoint\",\"urlTemplate\":\"https:\/\/www.vivitec.eu\/en\/?s={search_term_string}\"},\"query-input\":\"required name=search_term_string\"}],\"inLanguage\":\"es\"},{\"@type\":\"Organization\",\"@id\":\"https:\/\/www.vivitec.eu\/en\/#organization\",\"name\":\"Vivitec GmbH\",\"url\":\"https:\/\/www.vivitec.eu\/en\/\",\"logo\":{\"@type\":\"ImageObject\",\"inLanguage\":\"es\",\"@id\":\"https:\/\/www.vivitec.eu\/en\/#\/schema\/logo\/image\/\",\"url\":\"https:\/\/vivitec.eu\/wp-content\/uploads\/2021\/10\/logo-fg-visualisierungen-3d-160.png\",\"contentUrl\":\"https:\/\/vivitec.eu\/wp-content\/uploads\/2021\/10\/logo-fg-visualisierungen-3d-160.png\",\"width\":1017,\"height\":160,\"caption\":\"Vivitec GmbH\"},\"image\":{\"@id\":\"https:\/\/www.vivitec.eu\/en\/#\/schema\/logo\/image\/\"}}]}<\/script>\n<!-- \/ Yoast SEO plugin. -->","yoast_head_json":{"title":"Visitas Interactivas &laquo; VIVITEC","description":"F&G Visualisierungen ist Ihr Expertenteam f\u00fcr alle 3D Visualisierungen: pr\u00e4zise, individuell, innovativ, immersiv","robots":{"index":"index","follow":"follow","max-snippet":"max-snippet:-1","max-image-preview":"max-image-preview:large","max-video-preview":"max-video-preview:-1"},"canonical":"https:\/\/www.vivitec.eu\/es\/visitas-interactivas\/","og_locale":"es_ES","og_type":"article","og_title":"Visitas Interactivas &laquo; VIVITEC","og_description":"F&G Visualisierungen ist Ihr Expertenteam f\u00fcr alle 3D Visualisierungen: pr\u00e4zise, individuell, innovativ, immersiv","og_url":"https:\/\/www.vivitec.eu\/es\/visitas-interactivas\/","og_site_name":"VIVITEC","article_modified_time":"2021-11-28T23:04:27+00:00","twitter_card":"summary_large_image","schema":{"@context":"https:\/\/schema.org","@graph":[{"@type":"WebPage","@id":"https:\/\/www.vivitec.eu\/es\/visitas-interactivas\/","url":"https:\/\/www.vivitec.eu\/es\/visitas-interactivas\/","name":"Visitas Interactivas &laquo; VIVITEC","isPartOf":{"@id":"https:\/\/www.vivitec.eu\/en\/#website"},"datePublished":"2021-11-01T10:02:43+00:00","dateModified":"2021-11-28T23:04:27+00:00","description":"F&G Visualisierungen ist Ihr Expertenteam f\u00fcr alle 3D Visualisierungen: pr\u00e4zise, individuell, innovativ, immersiv","breadcrumb":{"@id":"https:\/\/www.vivitec.eu\/es\/visitas-interactivas\/#breadcrumb"},"inLanguage":"es","potentialAction":[{"@type":"ReadAction","target":["https:\/\/www.vivitec.eu\/es\/visitas-interactivas\/"]}]},{"@type":"BreadcrumbList","@id":"https:\/\/www.vivitec.eu\/es\/visitas-interactivas\/#breadcrumb","itemListElement":[{"@type":"ListItem","position":1,"name":"Startseite","item":"https:\/\/www.vivitec.eu\/es\/"},{"@type":"ListItem","position":2,"name":"Visitas Interactivas"}]},{"@type":"WebSite","@id":"https:\/\/www.vivitec.eu\/en\/#website","url":"https:\/\/www.vivitec.eu\/en\/","name":"VIVITEC","description":"Experten f\u00fcr 3D Erfassung","publisher":{"@id":"https:\/\/www.vivitec.eu\/en\/#organization"},"potentialAction":[{"@type":"SearchAction","target":{"@type":"EntryPoint","urlTemplate":"https:\/\/www.vivitec.eu\/en\/?s={search_term_string}"},"query-input":"required name=search_term_string"}],"inLanguage":"es"},{"@type":"Organization","@id":"https:\/\/www.vivitec.eu\/en\/#organization","name":"Vivitec GmbH","url":"https:\/\/www.vivitec.eu\/en\/","logo":{"@type":"ImageObject","inLanguage":"es","@id":"https:\/\/www.vivitec.eu\/en\/#\/schema\/logo\/image\/","url":"https:\/\/vivitec.eu\/wp-content\/uploads\/2021\/10\/logo-fg-visualisierungen-3d-160.png","contentUrl":"https:\/\/vivitec.eu\/wp-content\/uploads\/2021\/10\/logo-fg-visualisierungen-3d-160.png","width":1017,"height":160,"caption":"Vivitec GmbH"},"image":{"@id":"https:\/\/www.vivitec.eu\/en\/#\/schema\/logo\/image\/"}}]}},"_links":{"self":[{"href":"https:\/\/www.vivitec.eu\/es\/wp-json\/wp\/v2\/pages\/15270"}],"collection":[{"href":"https:\/\/www.vivitec.eu\/es\/wp-json\/wp\/v2\/pages"}],"about":[{"href":"https:\/\/www.vivitec.eu\/es\/wp-json\/wp\/v2\/types\/page"}],"author":[{"embeddable":true,"href":"https:\/\/www.vivitec.eu\/es\/wp-json\/wp\/v2\/users\/8"}],"replies":[{"embeddable":true,"href":"https:\/\/www.vivitec.eu\/es\/wp-json\/wp\/v2\/comments?post=15270"}],"version-history":[{"count":3,"href":"https:\/\/www.vivitec.eu\/es\/wp-json\/wp\/v2\/pages\/15270\/revisions"}],"predecessor-version":[{"id":15891,"href":"https:\/\/www.vivitec.eu\/es\/wp-json\/wp\/v2\/pages\/15270\/revisions\/15891"}],"wp:attachment":[{"href":"https:\/\/www.vivitec.eu\/es\/wp-json\/wp\/v2\/media?parent=15270"}],"curies":[{"name":"wp","href":"https:\/\/api.w.org\/{rel}","templated":true}]}}