{"id":15280,"date":"2021-11-01T11:38:09","date_gmt":"2021-11-01T10:38:09","guid":{"rendered":"https:\/\/fgvisualisierungen.com\/?page_id=15280"},"modified":"2022-02-17T12:58:43","modified_gmt":"2022-02-17T11:58:43","slug":"escaneados-de-alta-gama","status":"publish","type":"page","link":"https:\/\/www.vivitec.eu\/es\/escaneados-de-alta-gama\/","title":{"rendered":"Escaneados de alta gama"},"content":{"rendered":"<div class=\"wpb-content-wrapper\">[vc_row content_placement=\u00bbmiddle\u00bb pix_particles_check=\u00bb\u00bb][vc_column width=\u00bb1\/3&#8243;][vc_column_text]\r\n<h1>Escaneados de alta gama<\/h1>\r\n[\/vc_column_text][\/vc_column][vc_column width=\u00bb2\/3&#8243;][vc_column_text]Nuestras digitalizaciones de alta gama combinan precisi\u00f3n, tecnolog\u00eda de escaneado de alto nivel, experiencia y sensibilidad para obtener resultados de visualizaci\u00f3n impresionantes. Estos cuatro par\u00e1metros permiten a nuestros expertos garantizar el mejor rendimiento para objetos art\u00edsticos y de alto valor. Productos y objetos de casi todos los formatos y tama\u00f1os pueden presentarse con sus caracter\u00edsticas individuales desde todos los lados para una gran variedad de usos y aplicaciones.[\/vc_column_text][\/vc_column][\/vc_row][vc_row full_width=\u00bbstretch_row_content\u00bb gap=\u00bb35&#8243; content_placement=\u00bbmiddle\u00bb pix_particles_check=\u00bb\u00bb css=\u00bb.vc_custom_1631544114983{padding-top: 5% !important;padding-right: 10% !important;padding-bottom: 5% !important;padding-left: 10% !important;}\u00bb el_id=\u00bbshopping-gewerbe\u00bb][vc_column width=\u00bb1\/2&#8243;][vc_column_text]\r\n<h2>Ejemplo de arte<\/h2>\r\n[\/vc_column_text][vc_column_text]Escaneado de alta gama de una escultura art\u00edstica (fundici\u00f3n) para la representaci\u00f3n en 3D en un sitio web cultural.[\/vc_column_text][vc_column_text]Pru\u00e9balo:\r\nUtilice el rat\u00f3n para rotar la imagen como desee.[\/vc_column_text][\/vc_column][vc_column width=\u00bb1\/2&#8243;][vc_raw_html]JTNDZGl2JTIwY2xhc3MlM0QlMjJza2V0Y2hmYWItZW1iZWQtd3JhcHBlciUyMiUzRSUyMCUzQ2lmcmFtZSUyMHRpdGxlJTNEJTIyU2t1bHB0dXIlMjAtJTIwTGVvJTIwSEQlMjAtJTIwZmFyYmlnJTIyJTIwZnJhbWVib3JkZXIlM0QlMjIwJTIyJTIwYWxsb3dmdWxsc2NyZWVuJTIwbW96YWxsb3dmdWxsc2NyZWVuJTNEJTIydHJ1ZSUyMiUyMHdlYmtpdGFsbG93ZnVsbHNjcmVlbiUzRCUyMnRydWUlMjIlMjBhbGxvdyUzRCUyMmF1dG9wbGF5JTNCJTIwZnVsbHNjcmVlbiUzQiUyMHhyLXNwYXRpYWwtdHJhY2tpbmclMjIlMjB4ci1zcGF0aWFsLXRyYWNraW5nJTIwZXhlY3V0aW9uLXdoaWxlLW91dC1vZi12aWV3cG9ydCUyMGV4ZWN1dGlvbi13aGlsZS1ub3QtcmVuZGVyZWQlMjB3ZWItc2hhcmUlMjBzcmMlM0QlMjJodHRwcyUzQSUyRiUyRnNrZXRjaGZhYi5jb20lMkZtb2RlbHMlMkYzYzY3YzNlZDFkMjg0YTc4YjNlYzkxM2Q1OWM4ZGVmYiUyRmVtYmVkJTNGYXV0b3N0YXJ0JTNEMSUyNmRudCUzRDElMjIlM0UlMjAlM0MlMkZpZnJhbWUlM0UlMjAlM0MlMkZkaXYlM0U=[\/vc_raw_html][\/vc_column][\/vc_row][vc_row full_width=\u00bbstretch_row_content\u00bb gap=\u00bb35&#8243; content_placement=\u00bbmiddle\u00bb pix_particles_check=\u00bb\u00bb css=\u00bb.vc_custom_1634628648592{padding-top: 5% !important;padding-right: 10% !important;padding-bottom: 5% !important;padding-left: 10% !important;}\u00bb el_id=\u00bbentwicklung-konstruktion\u00bb][vc_column width=\u00bb1\/2&#8243;][vc_raw_html]JTNDZGl2JTIwY2xhc3MlM0QlMjJza2V0Y2hmYWItZW1iZWQtd3JhcHBlciUyMiUzRSUyMCUzQ2lmcmFtZSUyMHRpdGxlJTNEJTIyU2NhbiUyMEF1dG8lMjAtJTIwZmFyYmlnJTIyJTIwZnJhbWVib3JkZXIlM0QlMjIwJTIyJTIwYWxsb3dmdWxsc2NyZWVuJTIwbW96YWxsb3dmdWxsc2NyZWVuJTNEJTIydHJ1ZSUyMiUyMHdlYmtpdGFsbG93ZnVsbHNjcmVlbiUzRCUyMnRydWUlMjIlMjBhbGxvdyUzRCUyMmF1dG9wbGF5JTNCJTIwZnVsbHNjcmVlbiUzQiUyMHhyLXNwYXRpYWwtdHJhY2tpbmclMjIlMjB4ci1zcGF0aWFsLXRyYWNraW5nJTIwZXhlY3V0aW9uLXdoaWxlLW91dC1vZi12aWV3cG9ydCUyMGV4ZWN1dGlvbi13aGlsZS1ub3QtcmVuZGVyZWQlMjB3ZWItc2hhcmUlMjBzcmMlM0QlMjJodHRwcyUzQSUyRiUyRnNrZXRjaGZhYi5jb20lMkZtb2RlbHMlMkY1NzQwZDlhZWQxNjM0YmRkOTg5NWQ2MTk3ZDQ1ODNhYSUyRmVtYmVkJTNGYXV0b3N0YXJ0JTNEMSUyNmRudCUzRDElMjIlM0UlMjAlM0MlMkZpZnJhbWUlM0UlMjAlM0MlMkZkaXYlM0U=[\/vc_raw_html][\/vc_column][vc_column width=\u00bb1\/2&#8243;][vc_column_text]\r\n<h2>Ejemplo de veh\u00edculo<\/h2>\r\n[\/vc_column_text][vc_column_text]Escaneado de precisi\u00f3n para una planificaci\u00f3n de transformaci\u00f3n (interior del veh\u00edculo) para la fabricaci\u00f3n a medida de piezas de montaje.[\/vc_column_text][\/vc_column][\/vc_row][vc_row full_width=\u00bbstretch_row_content\u00bb gap=\u00bb35&#8243; content_placement=\u00bbmiddle\u00bb pix_particles_check=\u00bb\u00bb css=\u00bb.vc_custom_1631544114983{padding-top: 5% !important;padding-right: 10% !important;padding-bottom: 5% !important;padding-left: 10% !important;}\u00bb][vc_column width=\u00bb1\/2&#8243;][vc_column_text]\r\n<h2>Ejemplo de estatua<\/h2>\r\n[\/vc_column_text][vc_column_text]Escaneo de cuerpo entero (procesado para un conjunto de datos de fresado 3D) para la creaci\u00f3n de estatuas (a imagen de una persona real).[\/vc_column_text][\/vc_column][vc_column width=\u00bb1\/2&#8243;]<div class=\"pix-img-element d-inline-block \" ><div class=\"pix-img-el    text-left d-inline-block   rounded-0\"  ><img class=\"card-img2 pix-img-elem rounded-0  h-1002\" style=\"width:200px;height:auto;\" width=\"429\" height=\"1200\" srcset=\"https:\/\/www.vivitec.eu\/wp-content\/uploads\/2021\/10\/high-end-scan-statue.jpg 429w, https:\/\/www.vivitec.eu\/wp-content\/uploads\/2021\/10\/high-end-scan-statue-107x300.jpg 107w, https:\/\/www.vivitec.eu\/wp-content\/uploads\/2021\/10\/high-end-scan-statue-366x1024.jpg 366w\" sizes=\"(max-width: 429px) 100vw, 429px\" src=\"https:\/\/www.vivitec.eu\/wp-content\/uploads\/2021\/10\/high-end-scan-statue.jpg\" alt=\"Image link\" \/><\/div><\/div>[\/vc_column][\/vc_row][vc_row full_width=\u00bbstretch_row\u00bb gap=\u00bb35&#8243; content_placement=\u00bbmiddle\u00bb pix_particles_check=\u00bb\u00bb css=\u00bb.vc_custom_1634564494238{background-color: #212529 !important;}\u00bb][vc_column width=\u00bb1\/6&#8243;][\/vc_column][vc_column width=\u00bb1\/4&#8243;][vc_column_text]Industrias y sectores para los que hemos realizado escaneados de alta gama:[\/vc_column_text][\/vc_column][vc_column width=\u00bb1\/4&#8243;][vc_column_text]\r\n<ul>\r\n \t<li>Comercio electr\u00f3nico<\/li>\r\n \t<li>Productos de estilo de vida<\/li>\r\n \t<li>Objetos de gran tama\u00f1o<\/li>\r\n \t<li>Animales y personas<\/li>\r\n \t<li>Arte y dise\u00f1o<\/li>\r\n<\/ul>\r\n[\/vc_column_text][\/vc_column][vc_column width=\u00bb1\/3&#8243;][vc_column_text]\r\n<ul>\r\n \t<li>Controles de calidad<\/li>\r\n \t<li>Dise\u00f1o industrial y fabricaci\u00f3n<\/li>\r\n \t<li>Ingenier\u00eda inversa<\/li>\r\n \t<li>Salud<\/li>\r\n \t<li>Ciencia y educaci\u00f3n<\/li>\r\n<\/ul>\r\n[\/vc_column_text][\/vc_column][\/vc_row][vc_row full_width=\u00bbstretch_row_content\u00bb gap=\u00bb35&#8243; content_placement=\u00bbmiddle\u00bb pix_particles_check=\u00bb\u00bb css=\u00bb.vc_custom_1631544114983{padding-top: 5% !important;padding-right: 10% !important;padding-bottom: 5% !important;padding-left: 10% !important;}\u00bb][vc_column][vc_btn title=\u00bbConsulta individual\u00bb style=\u00bboutline\u00bb color=\u00bbwhite\u00bb size=\u00bblg\u00bb align=\u00bbcenter\u00bb link=\u00bburl:%2Fes%2Fcontacto%2F|title:Kontakt\u00bb][\/vc_column][\/vc_row]<\/div>","protected":false},"excerpt":{"rendered":"[vc_row content_placement=\u00bbmiddle\u00bb pix_particles_check=\u00bb\u00bb][vc_column width=\u00bb1\/3&#8243;][vc_column_text] Escaneados de alta gama [\/vc_column_text][\/vc_column][vc_column width=\u00bb2\/3&#8243;][vc_column_text]Nuestras digitalizaciones de alta gama combinan precisi\u00f3n, tecnolog\u00eda de escaneado de alto nivel, experiencia y sensibilidad para obtener resultados de visualizaci\u00f3n impresionantes. Estos cuatro par\u00e1metros permiten a nuestros expertos garantizar el&#8230;","protected":false},"author":8,"featured_media":0,"parent":0,"menu_order":0,"comment_status":"closed","ping_status":"closed","template":"","meta":[],"yoast_head":"<!-- This site is optimized with the Yoast SEO plugin v21.1 - https:\/\/yoast.com\/wordpress\/plugins\/seo\/ -->\n<title>Escaneados de alta gama &laquo; VIVITEC<\/title>\n<meta name=\"description\" content=\"F&amp;G Visualisierungen ist Ihr Expertenteam f\u00fcr alle 3D Visualisierungen: pr\u00e4zise, individuell, innovativ, immersiv\" \/>\n<meta name=\"robots\" content=\"index, follow, max-snippet:-1, max-image-preview:large, max-video-preview:-1\" \/>\n<link rel=\"canonical\" href=\"https:\/\/www.vivitec.eu\/es\/escaneados-de-alta-gama\/\" \/>\n<meta property=\"og:locale\" content=\"es_ES\" \/>\n<meta property=\"og:type\" content=\"article\" \/>\n<meta property=\"og:title\" content=\"Escaneados de alta gama &laquo; VIVITEC\" \/>\n<meta property=\"og:description\" content=\"F&amp;G Visualisierungen ist Ihr Expertenteam f\u00fcr alle 3D Visualisierungen: pr\u00e4zise, individuell, innovativ, immersiv\" \/>\n<meta property=\"og:url\" content=\"https:\/\/www.vivitec.eu\/es\/escaneados-de-alta-gama\/\" \/>\n<meta property=\"og:site_name\" content=\"VIVITEC\" \/>\n<meta property=\"article:modified_time\" content=\"2022-02-17T11:58:43+00:00\" \/>\n<meta name=\"twitter:card\" content=\"summary_large_image\" \/>\n<script type=\"application\/ld+json\" class=\"yoast-schema-graph\">{\"@context\":\"https:\/\/schema.org\",\"@graph\":[{\"@type\":\"WebPage\",\"@id\":\"https:\/\/www.vivitec.eu\/es\/escaneados-de-alta-gama\/\",\"url\":\"https:\/\/www.vivitec.eu\/es\/escaneados-de-alta-gama\/\",\"name\":\"Escaneados de alta gama &laquo; VIVITEC\",\"isPartOf\":{\"@id\":\"https:\/\/www.vivitec.eu\/en\/#website\"},\"datePublished\":\"2021-11-01T10:38:09+00:00\",\"dateModified\":\"2022-02-17T11:58:43+00:00\",\"description\":\"F&G Visualisierungen ist Ihr Expertenteam f\u00fcr alle 3D Visualisierungen: pr\u00e4zise, individuell, innovativ, immersiv\",\"breadcrumb\":{\"@id\":\"https:\/\/www.vivitec.eu\/es\/escaneados-de-alta-gama\/#breadcrumb\"},\"inLanguage\":\"es\",\"potentialAction\":[{\"@type\":\"ReadAction\",\"target\":[\"https:\/\/www.vivitec.eu\/es\/escaneados-de-alta-gama\/\"]}]},{\"@type\":\"BreadcrumbList\",\"@id\":\"https:\/\/www.vivitec.eu\/es\/escaneados-de-alta-gama\/#breadcrumb\",\"itemListElement\":[{\"@type\":\"ListItem\",\"position\":1,\"name\":\"Startseite\",\"item\":\"https:\/\/www.vivitec.eu\/es\/\"},{\"@type\":\"ListItem\",\"position\":2,\"name\":\"Escaneados de alta gama\"}]},{\"@type\":\"WebSite\",\"@id\":\"https:\/\/www.vivitec.eu\/en\/#website\",\"url\":\"https:\/\/www.vivitec.eu\/en\/\",\"name\":\"VIVITEC\",\"description\":\"Experten f\u00fcr 3D Erfassung\",\"publisher\":{\"@id\":\"https:\/\/www.vivitec.eu\/en\/#organization\"},\"potentialAction\":[{\"@type\":\"SearchAction\",\"target\":{\"@type\":\"EntryPoint\",\"urlTemplate\":\"https:\/\/www.vivitec.eu\/en\/?s={search_term_string}\"},\"query-input\":\"required name=search_term_string\"}],\"inLanguage\":\"es\"},{\"@type\":\"Organization\",\"@id\":\"https:\/\/www.vivitec.eu\/en\/#organization\",\"name\":\"Vivitec GmbH\",\"url\":\"https:\/\/www.vivitec.eu\/en\/\",\"logo\":{\"@type\":\"ImageObject\",\"inLanguage\":\"es\",\"@id\":\"https:\/\/www.vivitec.eu\/en\/#\/schema\/logo\/image\/\",\"url\":\"https:\/\/vivitec.eu\/wp-content\/uploads\/2021\/10\/logo-fg-visualisierungen-3d-160.png\",\"contentUrl\":\"https:\/\/vivitec.eu\/wp-content\/uploads\/2021\/10\/logo-fg-visualisierungen-3d-160.png\",\"width\":1017,\"height\":160,\"caption\":\"Vivitec GmbH\"},\"image\":{\"@id\":\"https:\/\/www.vivitec.eu\/en\/#\/schema\/logo\/image\/\"}}]}<\/script>\n<!-- \/ Yoast SEO plugin. -->","yoast_head_json":{"title":"Escaneados de alta gama &laquo; VIVITEC","description":"F&G Visualisierungen ist Ihr Expertenteam f\u00fcr alle 3D Visualisierungen: pr\u00e4zise, individuell, innovativ, immersiv","robots":{"index":"index","follow":"follow","max-snippet":"max-snippet:-1","max-image-preview":"max-image-preview:large","max-video-preview":"max-video-preview:-1"},"canonical":"https:\/\/www.vivitec.eu\/es\/escaneados-de-alta-gama\/","og_locale":"es_ES","og_type":"article","og_title":"Escaneados de alta gama &laquo; VIVITEC","og_description":"F&G Visualisierungen ist Ihr Expertenteam f\u00fcr alle 3D Visualisierungen: pr\u00e4zise, individuell, innovativ, immersiv","og_url":"https:\/\/www.vivitec.eu\/es\/escaneados-de-alta-gama\/","og_site_name":"VIVITEC","article_modified_time":"2022-02-17T11:58:43+00:00","twitter_card":"summary_large_image","schema":{"@context":"https:\/\/schema.org","@graph":[{"@type":"WebPage","@id":"https:\/\/www.vivitec.eu\/es\/escaneados-de-alta-gama\/","url":"https:\/\/www.vivitec.eu\/es\/escaneados-de-alta-gama\/","name":"Escaneados de alta gama &laquo; VIVITEC","isPartOf":{"@id":"https:\/\/www.vivitec.eu\/en\/#website"},"datePublished":"2021-11-01T10:38:09+00:00","dateModified":"2022-02-17T11:58:43+00:00","description":"F&G Visualisierungen ist Ihr Expertenteam f\u00fcr alle 3D Visualisierungen: pr\u00e4zise, individuell, innovativ, immersiv","breadcrumb":{"@id":"https:\/\/www.vivitec.eu\/es\/escaneados-de-alta-gama\/#breadcrumb"},"inLanguage":"es","potentialAction":[{"@type":"ReadAction","target":["https:\/\/www.vivitec.eu\/es\/escaneados-de-alta-gama\/"]}]},{"@type":"BreadcrumbList","@id":"https:\/\/www.vivitec.eu\/es\/escaneados-de-alta-gama\/#breadcrumb","itemListElement":[{"@type":"ListItem","position":1,"name":"Startseite","item":"https:\/\/www.vivitec.eu\/es\/"},{"@type":"ListItem","position":2,"name":"Escaneados de alta gama"}]},{"@type":"WebSite","@id":"https:\/\/www.vivitec.eu\/en\/#website","url":"https:\/\/www.vivitec.eu\/en\/","name":"VIVITEC","description":"Experten f\u00fcr 3D Erfassung","publisher":{"@id":"https:\/\/www.vivitec.eu\/en\/#organization"},"potentialAction":[{"@type":"SearchAction","target":{"@type":"EntryPoint","urlTemplate":"https:\/\/www.vivitec.eu\/en\/?s={search_term_string}"},"query-input":"required name=search_term_string"}],"inLanguage":"es"},{"@type":"Organization","@id":"https:\/\/www.vivitec.eu\/en\/#organization","name":"Vivitec GmbH","url":"https:\/\/www.vivitec.eu\/en\/","logo":{"@type":"ImageObject","inLanguage":"es","@id":"https:\/\/www.vivitec.eu\/en\/#\/schema\/logo\/image\/","url":"https:\/\/vivitec.eu\/wp-content\/uploads\/2021\/10\/logo-fg-visualisierungen-3d-160.png","contentUrl":"https:\/\/vivitec.eu\/wp-content\/uploads\/2021\/10\/logo-fg-visualisierungen-3d-160.png","width":1017,"height":160,"caption":"Vivitec GmbH"},"image":{"@id":"https:\/\/www.vivitec.eu\/en\/#\/schema\/logo\/image\/"}}]}},"_links":{"self":[{"href":"https:\/\/www.vivitec.eu\/es\/wp-json\/wp\/v2\/pages\/15280"}],"collection":[{"href":"https:\/\/www.vivitec.eu\/es\/wp-json\/wp\/v2\/pages"}],"about":[{"href":"https:\/\/www.vivitec.eu\/es\/wp-json\/wp\/v2\/types\/page"}],"author":[{"embeddable":true,"href":"https:\/\/www.vivitec.eu\/es\/wp-json\/wp\/v2\/users\/8"}],"replies":[{"embeddable":true,"href":"https:\/\/www.vivitec.eu\/es\/wp-json\/wp\/v2\/comments?post=15280"}],"version-history":[{"count":2,"href":"https:\/\/www.vivitec.eu\/es\/wp-json\/wp\/v2\/pages\/15280\/revisions"}],"predecessor-version":[{"id":16049,"href":"https:\/\/www.vivitec.eu\/es\/wp-json\/wp\/v2\/pages\/15280\/revisions\/16049"}],"wp:attachment":[{"href":"https:\/\/www.vivitec.eu\/es\/wp-json\/wp\/v2\/media?parent=15280"}],"curies":[{"name":"wp","href":"https:\/\/api.w.org\/{rel}","templated":true}]}}