{"id":15798,"date":"2021-11-28T20:10:07","date_gmt":"2021-11-28T19:10:07","guid":{"rendered":"https:\/\/fgvisualisierungen.com\/?page_id=15798"},"modified":"2021-11-28T23:51:07","modified_gmt":"2021-11-28T22:51:07","slug":"museos-iglesias-galerias","status":"publish","type":"page","link":"https:\/\/www.vivitec.eu\/es\/visitas-interactivas\/museos-iglesias-galerias\/","title":{"rendered":"Museos, iglesias, galer\u00edas"},"content":{"rendered":"<div class=\"wpb-content-wrapper\">[vc_row content_placement=\u00bbmiddle\u00bb pix_particles_check=\u00bb\u00bb][vc_column width=\u00bb1\/3&#8243;][vc_column_text]\r\n<h1>Visitas Interactivas<\/h1>\r\n[\/vc_column_text][\/vc_column][vc_column width=\u00bb2\/3&#8243;][vc_column_text]Cercan\u00eda e inmersi\u00f3n: nuestras visitas virtuales en 3D proporcionan una experiencia en 3D fascinantemente real. El espectador y visitante se traslada directamente a los espacios deseados para poder captarlos de forma activa desde todos los \u00e1ngulos y con todo lujo de detalle en una experiencia integral.[\/vc_column_text][\/vc_column][\/vc_row][vc_row full_width=\u00bbstretch_row_content\u00bb gap=\u00bb35&#8243; content_placement=\u00bbmiddle\u00bb pix_particles_check=\u00bb\u00bb css=\u00bb.vc_custom_1635761902130{padding-top: 5% !important;padding-right: 10% !important;padding-bottom: 5% !important;padding-left: 10% !important;}\u00bb el_id=\u00bbmuseos\u00bb][vc_column width=\u00bb1\/2&#8243;][vc_single_image image=\u00bb14294&#8243; img_size=\u00bbfull\u00bb onclick=\u00bbcustom_link\u00bb img_link_target=\u00bb_blank\u00bb link=\u00bbhttps:\/\/my.matterport.com\/show\/?m=9DwGLcw7BGJ\u00bb][\/vc_column][vc_column width=\u00bb1\/2&#8243;][vc_column_text]\r\n<h2>Museos, iglesias, galer\u00edas<\/h2>\r\n[\/vc_column_text][vc_btn title=\u00bbRecorrido virtual\u00bb style=\u00bboutline\u00bb color=\u00bbwhite\u00bb size=\u00bblg\u00bb i_icon_fontawesome=\u00bbfas fa-play\u00bb add_icon=\u00bbtrue\u00bb link=\u00bburl:https%3A%2F%2Fmy.matterport.com%2Fshow%2F%3Fm%3D9DwGLcw7BGJ|title:Recorrido%20virtual|target:_blank\u00bb][vc_btn title=\u00bbConsulta\u00bb style=\u00bboutline\u00bb color=\u00bbwhite\u00bb size=\u00bblg\u00bb i_icon_fontawesome=\u00bbfas fa-paper-plane\u00bb add_icon=\u00bbtrue\u00bb link=\u00bburl:%2Fes%2Fcontacto%2F|title:Consulta\u00bb css=\u00bb.vc_custom_1638139847352{padding-left: 5% !important;}\u00bb][vc_column_text]Visitas de espacios culturales en todo el mundo: las exposiciones y lugares de inter\u00e9s se pueden descubrir individualmente a trav\u00e9s de una fascinante visi\u00f3n virtual.[\/vc_column_text][\/vc_column][\/vc_row]<\/div>","protected":false},"excerpt":{"rendered":"[vc_row content_placement=\u00bbmiddle\u00bb pix_particles_check=\u00bb\u00bb][vc_column width=\u00bb1\/3&#8243;][vc_column_text] Visitas Interactivas [\/vc_column_text][\/vc_column][vc_column width=\u00bb2\/3&#8243;][vc_column_text]Cercan\u00eda e inmersi\u00f3n: nuestras visitas virtuales en 3D proporcionan una experiencia en 3D fascinantemente real. El espectador y visitante se traslada directamente a los espacios deseados para poder captarlos de forma activa desde&#8230;","protected":false},"author":8,"featured_media":0,"parent":15270,"menu_order":0,"comment_status":"closed","ping_status":"closed","template":"","meta":[],"yoast_head":"<!-- This site is optimized with the Yoast SEO plugin v21.1 - https:\/\/yoast.com\/wordpress\/plugins\/seo\/ -->\n<title>Museos, iglesias, galer\u00edas &laquo; VIVITEC<\/title>\n<meta name=\"description\" content=\"F&amp;G Visualisierungen ist Ihr Expertenteam f\u00fcr alle 3D Visualisierungen: pr\u00e4zise, individuell, innovativ, immersiv\" \/>\n<meta name=\"robots\" content=\"index, follow, max-snippet:-1, max-image-preview:large, max-video-preview:-1\" \/>\n<link rel=\"canonical\" href=\"https:\/\/www.vivitec.eu\/es\/visitas-interactivas\/museos-iglesias-galerias\/\" \/>\n<meta property=\"og:locale\" content=\"es_ES\" \/>\n<meta property=\"og:type\" content=\"article\" \/>\n<meta property=\"og:title\" content=\"Museos, iglesias, galer\u00edas &laquo; VIVITEC\" \/>\n<meta property=\"og:description\" content=\"F&amp;G Visualisierungen ist Ihr Expertenteam f\u00fcr alle 3D Visualisierungen: pr\u00e4zise, individuell, innovativ, immersiv\" \/>\n<meta property=\"og:url\" content=\"https:\/\/www.vivitec.eu\/es\/visitas-interactivas\/museos-iglesias-galerias\/\" \/>\n<meta property=\"og:site_name\" content=\"VIVITEC\" \/>\n<meta property=\"article:modified_time\" content=\"2021-11-28T22:51:07+00:00\" \/>\n<meta name=\"twitter:card\" content=\"summary_large_image\" \/>\n<script type=\"application\/ld+json\" class=\"yoast-schema-graph\">{\"@context\":\"https:\/\/schema.org\",\"@graph\":[{\"@type\":\"WebPage\",\"@id\":\"https:\/\/www.vivitec.eu\/es\/visitas-interactivas\/museos-iglesias-galerias\/\",\"url\":\"https:\/\/www.vivitec.eu\/es\/visitas-interactivas\/museos-iglesias-galerias\/\",\"name\":\"Museos, iglesias, galer\u00edas &laquo; VIVITEC\",\"isPartOf\":{\"@id\":\"https:\/\/www.vivitec.eu\/en\/#website\"},\"datePublished\":\"2021-11-28T19:10:07+00:00\",\"dateModified\":\"2021-11-28T22:51:07+00:00\",\"description\":\"F&G Visualisierungen ist Ihr Expertenteam f\u00fcr alle 3D Visualisierungen: pr\u00e4zise, individuell, innovativ, immersiv\",\"breadcrumb\":{\"@id\":\"https:\/\/www.vivitec.eu\/es\/visitas-interactivas\/museos-iglesias-galerias\/#breadcrumb\"},\"inLanguage\":\"es\",\"potentialAction\":[{\"@type\":\"ReadAction\",\"target\":[\"https:\/\/www.vivitec.eu\/es\/visitas-interactivas\/museos-iglesias-galerias\/\"]}]},{\"@type\":\"BreadcrumbList\",\"@id\":\"https:\/\/www.vivitec.eu\/es\/visitas-interactivas\/museos-iglesias-galerias\/#breadcrumb\",\"itemListElement\":[{\"@type\":\"ListItem\",\"position\":1,\"name\":\"Startseite\",\"item\":\"https:\/\/www.vivitec.eu\/es\/\"},{\"@type\":\"ListItem\",\"position\":2,\"name\":\"Visitas Interactivas\",\"item\":\"https:\/\/www.vivitec.eu\/es\/visitas-interactivas\/\"},{\"@type\":\"ListItem\",\"position\":3,\"name\":\"Museos, iglesias, galer\u00edas\"}]},{\"@type\":\"WebSite\",\"@id\":\"https:\/\/www.vivitec.eu\/en\/#website\",\"url\":\"https:\/\/www.vivitec.eu\/en\/\",\"name\":\"VIVITEC\",\"description\":\"Experten f\u00fcr 3D Erfassung\",\"publisher\":{\"@id\":\"https:\/\/www.vivitec.eu\/en\/#organization\"},\"potentialAction\":[{\"@type\":\"SearchAction\",\"target\":{\"@type\":\"EntryPoint\",\"urlTemplate\":\"https:\/\/www.vivitec.eu\/en\/?s={search_term_string}\"},\"query-input\":\"required name=search_term_string\"}],\"inLanguage\":\"es\"},{\"@type\":\"Organization\",\"@id\":\"https:\/\/www.vivitec.eu\/en\/#organization\",\"name\":\"Vivitec GmbH\",\"url\":\"https:\/\/www.vivitec.eu\/en\/\",\"logo\":{\"@type\":\"ImageObject\",\"inLanguage\":\"es\",\"@id\":\"https:\/\/www.vivitec.eu\/en\/#\/schema\/logo\/image\/\",\"url\":\"https:\/\/vivitec.eu\/wp-content\/uploads\/2021\/10\/logo-fg-visualisierungen-3d-160.png\",\"contentUrl\":\"https:\/\/vivitec.eu\/wp-content\/uploads\/2021\/10\/logo-fg-visualisierungen-3d-160.png\",\"width\":1017,\"height\":160,\"caption\":\"Vivitec GmbH\"},\"image\":{\"@id\":\"https:\/\/www.vivitec.eu\/en\/#\/schema\/logo\/image\/\"}}]}<\/script>\n<!-- \/ Yoast SEO plugin. -->","yoast_head_json":{"title":"Museos, iglesias, galer\u00edas &laquo; VIVITEC","description":"F&G Visualisierungen ist Ihr Expertenteam f\u00fcr alle 3D Visualisierungen: pr\u00e4zise, individuell, innovativ, immersiv","robots":{"index":"index","follow":"follow","max-snippet":"max-snippet:-1","max-image-preview":"max-image-preview:large","max-video-preview":"max-video-preview:-1"},"canonical":"https:\/\/www.vivitec.eu\/es\/visitas-interactivas\/museos-iglesias-galerias\/","og_locale":"es_ES","og_type":"article","og_title":"Museos, iglesias, galer\u00edas &laquo; VIVITEC","og_description":"F&G Visualisierungen ist Ihr Expertenteam f\u00fcr alle 3D Visualisierungen: pr\u00e4zise, individuell, innovativ, immersiv","og_url":"https:\/\/www.vivitec.eu\/es\/visitas-interactivas\/museos-iglesias-galerias\/","og_site_name":"VIVITEC","article_modified_time":"2021-11-28T22:51:07+00:00","twitter_card":"summary_large_image","schema":{"@context":"https:\/\/schema.org","@graph":[{"@type":"WebPage","@id":"https:\/\/www.vivitec.eu\/es\/visitas-interactivas\/museos-iglesias-galerias\/","url":"https:\/\/www.vivitec.eu\/es\/visitas-interactivas\/museos-iglesias-galerias\/","name":"Museos, iglesias, galer\u00edas &laquo; VIVITEC","isPartOf":{"@id":"https:\/\/www.vivitec.eu\/en\/#website"},"datePublished":"2021-11-28T19:10:07+00:00","dateModified":"2021-11-28T22:51:07+00:00","description":"F&G Visualisierungen ist Ihr Expertenteam f\u00fcr alle 3D Visualisierungen: pr\u00e4zise, individuell, innovativ, immersiv","breadcrumb":{"@id":"https:\/\/www.vivitec.eu\/es\/visitas-interactivas\/museos-iglesias-galerias\/#breadcrumb"},"inLanguage":"es","potentialAction":[{"@type":"ReadAction","target":["https:\/\/www.vivitec.eu\/es\/visitas-interactivas\/museos-iglesias-galerias\/"]}]},{"@type":"BreadcrumbList","@id":"https:\/\/www.vivitec.eu\/es\/visitas-interactivas\/museos-iglesias-galerias\/#breadcrumb","itemListElement":[{"@type":"ListItem","position":1,"name":"Startseite","item":"https:\/\/www.vivitec.eu\/es\/"},{"@type":"ListItem","position":2,"name":"Visitas Interactivas","item":"https:\/\/www.vivitec.eu\/es\/visitas-interactivas\/"},{"@type":"ListItem","position":3,"name":"Museos, iglesias, galer\u00edas"}]},{"@type":"WebSite","@id":"https:\/\/www.vivitec.eu\/en\/#website","url":"https:\/\/www.vivitec.eu\/en\/","name":"VIVITEC","description":"Experten f\u00fcr 3D Erfassung","publisher":{"@id":"https:\/\/www.vivitec.eu\/en\/#organization"},"potentialAction":[{"@type":"SearchAction","target":{"@type":"EntryPoint","urlTemplate":"https:\/\/www.vivitec.eu\/en\/?s={search_term_string}"},"query-input":"required name=search_term_string"}],"inLanguage":"es"},{"@type":"Organization","@id":"https:\/\/www.vivitec.eu\/en\/#organization","name":"Vivitec GmbH","url":"https:\/\/www.vivitec.eu\/en\/","logo":{"@type":"ImageObject","inLanguage":"es","@id":"https:\/\/www.vivitec.eu\/en\/#\/schema\/logo\/image\/","url":"https:\/\/vivitec.eu\/wp-content\/uploads\/2021\/10\/logo-fg-visualisierungen-3d-160.png","contentUrl":"https:\/\/vivitec.eu\/wp-content\/uploads\/2021\/10\/logo-fg-visualisierungen-3d-160.png","width":1017,"height":160,"caption":"Vivitec GmbH"},"image":{"@id":"https:\/\/www.vivitec.eu\/en\/#\/schema\/logo\/image\/"}}]}},"_links":{"self":[{"href":"https:\/\/www.vivitec.eu\/es\/wp-json\/wp\/v2\/pages\/15798"}],"collection":[{"href":"https:\/\/www.vivitec.eu\/es\/wp-json\/wp\/v2\/pages"}],"about":[{"href":"https:\/\/www.vivitec.eu\/es\/wp-json\/wp\/v2\/types\/page"}],"author":[{"embeddable":true,"href":"https:\/\/www.vivitec.eu\/es\/wp-json\/wp\/v2\/users\/8"}],"replies":[{"embeddable":true,"href":"https:\/\/www.vivitec.eu\/es\/wp-json\/wp\/v2\/comments?post=15798"}],"version-history":[{"count":2,"href":"https:\/\/www.vivitec.eu\/es\/wp-json\/wp\/v2\/pages\/15798\/revisions"}],"predecessor-version":[{"id":15885,"href":"https:\/\/www.vivitec.eu\/es\/wp-json\/wp\/v2\/pages\/15798\/revisions\/15885"}],"up":[{"embeddable":true,"href":"https:\/\/www.vivitec.eu\/es\/wp-json\/wp\/v2\/pages\/15270"}],"wp:attachment":[{"href":"https:\/\/www.vivitec.eu\/es\/wp-json\/wp\/v2\/media?parent=15798"}],"curies":[{"name":"wp","href":"https:\/\/api.w.org\/{rel}","templated":true}]}}